{"id":23913,"date":"2019-04-22T10:06:44","date_gmt":"2019-04-22T10:06:44","guid":{"rendered":"https:\/\/deutschcolor.com\/de\/?post_type=product&#038;p=23913"},"modified":"2020-01-05T21:57:12","modified_gmt":"2020-01-05T21:57:12","slug":"dorex","status":"publish","type":"product","link":"https:\/\/deutschcolor.com\/de\/product\/dorex\/","title":{"rendered":"Dorex"},"content":{"rendered":"<p><strong>EIGENSCHAFTEN<\/strong><br \/>\n\u2022 Kein Ammoniak<br \/>\n\u2022 Starkes Kleben<br \/>\n\u2022 Einfache Anwendung<br \/>\n\u2022 St\u00f6rungseffekt<br \/>\n\u2022 Wasserbest\u00e4ndigkeit<br \/>\n\u2022 Gute Haltbarkeit<\/p>\n<p><strong>Anwendungsempfehlungen<\/strong><br \/>\nDorex kann drinnen \u00fcber angewendet werden; neue und alte Putze auf der Basis von hydraulischen Klebstoffen, Betonoberfl\u00e4chen, Putzoberfl\u00e4chen und Sperrholz, alte organische oder mineralische Farben und Beschichtungen, trockene, kompakte, saugf\u00e4hige und koh\u00e4sive Konglomerate verschiedener Art, die eine mineralische Absorption gew\u00e4hrleisten, Holzoberfl\u00e4chen, Sperrholz, gepresstes Sperrholz und dergleichen, solange die Oberfl\u00e4che mit der entsprechenden Grundbeschichtung behandelt wird.<\/p>\n<p>###<\/p>\n<p><strong>Hinweis<\/strong><br \/>\n\u2022 Auf frischen Betonoberfl\u00e4chen wird empfohlen, das Produkt mindestens nach 30-40 Tagen aufzutragen.<br \/>\n\u2022 Es wird empfohlen, das Produkt nicht bei Temperaturen unter 5 \u00b0 C anzuwenden<\/p>\n<p><strong>Verbrauch<\/strong><br \/>\n0.8-1Kg \/ m2<\/p>\n<p><strong>Verpackung<\/strong><br \/>\nPlastikeimer 1lt \/ 5lt.<\/p>\n","protected":false},"excerpt":{"rendered":"<p>Dekorativer Kitt mit Crack-Effekt<\/p>\n","protected":false},"featured_media":24410,"template":"","meta":{"om_disable_all_campaigns":false,"_monsterinsights_skip_tracking":false,"_monsterinsights_sitenote_active":false,"_monsterinsights_sitenote_note":"","_monsterinsights_sitenote_category":0},"class_list":["post-23913","product","type-product","status-publish","has-post-thumbnail","hentry","product_cat-paints","product_cat-decorative-paints"],"aioseo_notices":[],"_links":{"self":[{"href":"https:\/\/deutschcolor.com\/de\/wp-json\/wp\/v2\/product\/23913","targetHints":{"allow":["GET"]}}],"collection":[{"href":"https:\/\/deutschcolor.com\/de\/wp-json\/wp\/v2\/product"}],"about":[{"href":"https:\/\/deutschcolor.com\/de\/wp-json\/wp\/v2\/types\/product"}],"wp:featuredmedia":[{"embeddable":true,"href":"https:\/\/deutschcolor.com\/de\/wp-json\/wp\/v2\/media\/24410"}],"wp:attachment":[{"href":"https:\/\/deutschcolor.com\/de\/wp-json\/wp\/v2\/media?parent=23913"}],"curies":[{"name":"wp","href":"https:\/\/api.w.org\/{rel}","templated":true}]}}