{"id":23933,"date":"2019-04-22T10:16:35","date_gmt":"2019-04-22T10:16:35","guid":{"rendered":"https:\/\/deutschcolor.com\/de\/?post_type=product&#038;p=23933"},"modified":"2020-01-05T21:10:20","modified_gmt":"2020-01-05T21:10:20","slug":"vox-707","status":"publish","type":"product","link":"https:\/\/deutschcolor.com\/de\/product\/vox-707\/","title":{"rendered":"Vox 707"},"content":{"rendered":"<p><strong>Eigenschaften<\/strong><br \/>\n\u2022 Es entstehen keine Risse<br \/>\n\u2022 Ohne Schrumpfung<br \/>\n\u2022 Starkes Kleben<br \/>\n\u2022 Wei\u00dfe Farbe<br \/>\n\u2022 Polierte Endoberfl\u00e4che<br \/>\n\u2022 Einfache Anwendung und Abrieb<\/p>\n<p><strong>Anwendungsempfehlungen<\/strong><br \/>\nEs wird zum Polieren von W\u00e4nden in allen Innenbereichen verwendet, in denen glatte und gerade Oberfl\u00e4chen, Innenwandoberfl\u00e4chen, Deckenoberfl\u00e4chen, Beton, Raumoberfl\u00e4chen, K\u00fcchen, Toiletten usw. erzeugt werden sollen.<\/p>\n<p>###<br \/>\n<strong>LAGERUNG UND HALTBARKEIT<\/strong><br \/>\n12 Monate bei trockener Lagerung, fern von W\u00e4rmequellen, bei einer Temperatur zwischen + 5 \u00b0 C und + 30 \u00b0 C. Sch\u00fctzen Sie sie vor Frost.<\/p>\n<p><strong>Hinweise<\/strong><br \/>\n\u2022 Auf frischen Betonoberfl\u00e4chen wird empfohlen, das Produkt mindestens nach 30-40 Tagen aufzutragen.<br \/>\n\u2022 Es wird empfohlen, das Produkt nicht bei Temperaturen unter 5 \u00b0 C anzuwenden.<br \/>\n<strong>VERBRAUCH<\/strong><br \/>\n2,5 &#8211; 5 kg \/ m2 h\u00e4ngen von der Gr\u00f6\u00dfe des Steins ab<br \/>\n<strong>Verpackung<\/strong><br \/>\nPlastikeimer 15 kg \/ 25 kg.<\/p>\n","protected":false},"excerpt":{"rendered":"<p>Fertige Eisbahn auf Acrylbasis, bestehend aus F\u00fcllstoffen f\u00fcr die selektive Granulometrie und speziellen Additiven f\u00fcr den Innenbereich<\/p>\n","protected":false},"featured_media":24415,"template":"","meta":{"om_disable_all_campaigns":false,"_monsterinsights_skip_tracking":false,"_monsterinsights_sitenote_active":false,"_monsterinsights_sitenote_note":"","_monsterinsights_sitenote_category":0},"class_list":["post-23933","product","type-product","status-publish","has-post-thumbnail","hentry","product_cat-coatings-decorative","product_cat-decorative-coatings"],"aioseo_notices":[],"_links":{"self":[{"href":"https:\/\/deutschcolor.com\/de\/wp-json\/wp\/v2\/product\/23933","targetHints":{"allow":["GET"]}}],"collection":[{"href":"https:\/\/deutschcolor.com\/de\/wp-json\/wp\/v2\/product"}],"about":[{"href":"https:\/\/deutschcolor.com\/de\/wp-json\/wp\/v2\/types\/product"}],"wp:featuredmedia":[{"embeddable":true,"href":"https:\/\/deutschcolor.com\/de\/wp-json\/wp\/v2\/media\/24415"}],"wp:attachment":[{"href":"https:\/\/deutschcolor.com\/de\/wp-json\/wp\/v2\/media?parent=23933"}],"curies":[{"name":"wp","href":"https:\/\/api.w.org\/{rel}","templated":true}]}}