{"id":23935,"date":"2019-04-22T10:17:58","date_gmt":"2019-04-22T10:17:58","guid":{"rendered":"https:\/\/deutschcolor.com\/de\/?post_type=product&#038;p=23935"},"modified":"2020-01-05T21:11:13","modified_gmt":"2020-01-05T21:11:13","slug":"hansa-spachtel","status":"publish","type":"product","link":"https:\/\/deutschcolor.com\/de\/product\/hansa-spachtel\/","title":{"rendered":"Hansa Spachtel"},"content":{"rendered":"<p><strong>Eigenschaften<\/strong><br \/>\n\u2022 Es entstehen keine Risse<br \/>\n\u2022 Ohne Schrumpfung<br \/>\n\u2022 Starkes Kleben<br \/>\n\u2022 Wei\u00dfe Farbe<br \/>\n\u2022 Polierte Endoberfl\u00e4che<br \/>\n\u2022 Einfache Anwendung und Abrieb<\/p>\n<p><strong>Anwendungsempfehlungen<\/strong><br \/>\nEs wird zum Polieren von W\u00e4nden in allen Innenr\u00e4umen verwendet, in denen glatte und gerade Oberfl\u00e4chen, Innenwandfl\u00e4chen, Beton, Oberfl\u00e4chen von R\u00e4umen, K\u00fcchen, Toiletten usw. erzeugt werden sollen.<\/p>\n<p>###<\/p>\n<p><strong>Hinweise<\/strong><br \/>\n\u2022 Auf frischen Betonoberfl\u00e4chen wird empfohlen, das Produkt mindestens nach 30-40 Tagen aufzutragen.<br \/>\n\u2022 Es wird empfohlen, das Produkt nicht bei Temperaturen unter 5 \u00b0 C anzuwenden.<\/p>\n<p><strong>VERBRAUCH<\/strong><br \/>\n2,5 &#8211; 5 kg \/ m2 h\u00e4ngen von der Gr\u00f6\u00dfe des Steins ab<\/p>\n<p><strong>Verpackung<\/strong><br \/>\nPlastikeimer 2,2 Kg.<\/p>\n","protected":false},"excerpt":{"rendered":"<p>Acrylsilikon auf Wasserbasis, gebrauchsfertig, wasserdicht, f\u00fcr Innenanstriche geeignet<\/p>\n","protected":false},"featured_media":24416,"template":"","meta":{"om_disable_all_campaigns":false,"_monsterinsights_skip_tracking":false,"_monsterinsights_sitenote_active":false,"_monsterinsights_sitenote_note":"","_monsterinsights_sitenote_category":0},"class_list":["post-23935","product","type-product","status-publish","has-post-thumbnail","hentry","product_cat-coatings-decorative","product_cat-decorative-coatings"],"aioseo_notices":[],"_links":{"self":[{"href":"https:\/\/deutschcolor.com\/de\/wp-json\/wp\/v2\/product\/23935","targetHints":{"allow":["GET"]}}],"collection":[{"href":"https:\/\/deutschcolor.com\/de\/wp-json\/wp\/v2\/product"}],"about":[{"href":"https:\/\/deutschcolor.com\/de\/wp-json\/wp\/v2\/types\/product"}],"wp:featuredmedia":[{"embeddable":true,"href":"https:\/\/deutschcolor.com\/de\/wp-json\/wp\/v2\/media\/24416"}],"wp:attachment":[{"href":"https:\/\/deutschcolor.com\/de\/wp-json\/wp\/v2\/media?parent=23935"}],"curies":[{"name":"wp","href":"https:\/\/api.w.org\/{rel}","templated":true}]}}