{"id":23937,"date":"2019-04-22T10:19:32","date_gmt":"2019-04-22T10:19:32","guid":{"rendered":"https:\/\/deutschcolor.com\/de\/?post_type=product&#038;p=23937"},"modified":"2020-01-05T21:14:40","modified_gmt":"2020-01-05T21:14:40","slug":"spachtel-elastisch","status":"publish","type":"product","link":"https:\/\/deutschcolor.com\/de\/product\/spachtel-elastisch\/","title":{"rendered":"Spachtel Elastich"},"content":{"rendered":"<p><strong>Produkteigenschaften<\/strong><br \/>\n\u2022 Es entstehen keine Risse<br \/>\n\u2022 Starkes Kleben<br \/>\n\u2022 Gute Elastizit\u00e4t<br \/>\n\u2022 Wei\u00dfe Farbe<br \/>\n\u2022 Einfache Anwendung und Abrieb<br \/>\n\u2022 Sehr gute Abdeckung<br \/>\n\u2022 Auch bei dicker Membran tritt keine Kontraktion auf<br \/>\n<strong>Anwendungsempfehlungen<\/strong><br \/>\nEs wird zum Polieren von W\u00e4nden in allen Innenbereichen verwendet, in denen eine glatte und gerade Oberfl\u00e4che geschaffen werden soll, um Risse und besch\u00e4digte Oberfl\u00e4chen in R\u00e4umen wie R\u00e4umen, K\u00fcchen, Toiletten usw. zu reparieren. Es wird zur Reparatur von Rissen und besch\u00e4digten Oberfl\u00e4chen im Freien wie Fassaden usw. verwendet.<\/p>\n<p>###<\/p>\n<p><strong>LAGERUNG UND HALTBARKEIT<\/strong><br \/>\n24 Monate bei trockener Lagerung, fern von W\u00e4rmequellen, bei einer Temperatur zwischen + 5 \u00b0 C und + 30 \u00b0 C. Sch\u00fctzen Sie sie vor Frost.<\/p>\n<p><strong>Hinweise<\/strong><br \/>\n\u2022 Auf frischen Betonoberfl\u00e4chen wird empfohlen, das Produkt mindestens nach 30-40 Tagen aufzutragen.<br \/>\n\u2022 Es wird empfohlen, das Produkt nicht bei Temperaturen unter 5 \u00b0 C anzuwenden.<br \/>\n<strong>VERBRAUCH<\/strong><br \/>\n2,5 &#8211; 5 kg \/ m2 h\u00e4ngen von der Gr\u00f6\u00dfe des Steins ab<\/p>\n<p><strong>Verpackung<\/strong><br \/>\nPlastikeimer 5Kg \/ 15Kg.<\/p>\n","protected":false},"excerpt":{"rendered":"<p>Eisbahn auf Acrylbasis, bestehend aus selektiven Granulometrief\u00fcllstoffen und speziellen Additiven zur Reparatur von Rissen in W\u00e4nden und Decken. Es wird f\u00fcr Reparaturen im Innen- und Au\u00dfenbereich verwendet<\/p>\n","protected":false},"featured_media":24417,"template":"","meta":{"om_disable_all_campaigns":false,"_monsterinsights_skip_tracking":false,"_monsterinsights_sitenote_active":false,"_monsterinsights_sitenote_note":"","_monsterinsights_sitenote_category":0},"class_list":["post-23937","product","type-product","status-publish","has-post-thumbnail","hentry","product_cat-coatings-decorative","product_cat-decorative-coatings"],"aioseo_notices":[],"_links":{"self":[{"href":"https:\/\/deutschcolor.com\/de\/wp-json\/wp\/v2\/product\/23937","targetHints":{"allow":["GET"]}}],"collection":[{"href":"https:\/\/deutschcolor.com\/de\/wp-json\/wp\/v2\/product"}],"about":[{"href":"https:\/\/deutschcolor.com\/de\/wp-json\/wp\/v2\/types\/product"}],"wp:featuredmedia":[{"embeddable":true,"href":"https:\/\/deutschcolor.com\/de\/wp-json\/wp\/v2\/media\/24417"}],"wp:attachment":[{"href":"https:\/\/deutschcolor.com\/de\/wp-json\/wp\/v2\/media?parent=23937"}],"curies":[{"name":"wp","href":"https:\/\/api.w.org\/{rel}","templated":true}]}}