{"id":23939,"date":"2019-04-22T10:21:26","date_gmt":"2019-04-22T10:21:26","guid":{"rendered":"https:\/\/deutschcolor.com\/de\/?post_type=product&#038;p=23939"},"modified":"2020-01-05T21:03:59","modified_gmt":"2020-01-05T21:03:59","slug":"silicat-putz","status":"publish","type":"product","link":"https:\/\/deutschcolor.com\/de\/product\/silicat-putz\/","title":{"rendered":"Silicat Putz"},"content":{"rendered":"<p>Es ist nicht in der englischen Version. Stellen Sie sicher, dass es korrekt ist Eigenschaften<br \/>\n\u2022 Erm\u00f6glicht die Wanddampfdurchl\u00e4ssigkeit.<br \/>\n\u2022 Bildet eine stabile Struktur.<br \/>\n\u2022 Schlie\u00dft das Rei\u00dfen von Zement-Kalk-Putz.<br \/>\n\u2022 Bildet eine sch\u00f6ne und sch\u00fctzende Struktur gegen Witterungseinfl\u00fcsse.<br \/>\n\u2022 Es zeichnet sich durch gute Verarbeitbarkeit und Offenheit aus.<br \/>\n\u2022 Sie zeichnet sich durch eine lange Arbeitszeit aus.<br \/>\n\u2022 Entspricht EN 15824.<br \/>\n\u2022 Einfaches Produkt anwenden.<br \/>\n\u2022 Das Produkt hat hohe Selbstreinigungseigenschaften.<br \/>\n<strong>Anwendungsempfehlungen<\/strong><br \/>\nGeeignet f\u00fcr dekorative Beschichtungen mit guter Klebekraft und elastischer Wasserfestigkeit. Es wird auch verwendet, um dekorative Beschichtungen auf Oberfl\u00e4chen zu erzeugen, die mit W\u00e4rmed\u00e4mmgrundm\u00f6rtel gef\u00fcllt sind, die zuvor mit TECNOFIX oder CONEXION 99 in W\u00e4rmed\u00e4mmsystemen abgeflacht wurden, nachdem sie mit TECNOFIX LIQUID behandelt wurden.<\/p>\n<p>###<\/p>\n<p><strong>HALTBARKEIT  UND LAGERUNG<\/strong><br \/>\n12 Monate bei Lagerung in der Originalverpackung, unge\u00f6ffnet und vor direkter Sonneneinstrahlung gesch\u00fctzt, bei Temperaturen zwischen + 5 \u00b0 C und + 30 \u00b0 C. Sch\u00fctzen Sie sie vor Frost.<\/p>\n<p><strong>Verpackung<\/strong><br \/>\nPlastikeimer 25 kg.<\/p>\n","protected":false},"excerpt":{"rendered":"<p>Gebrauchsfertige dekorative Beschichtung zur Behandlung von Fassaden und Innenfl\u00e4chen auf Silikonbasis.<\/p>\n","protected":false},"featured_media":24418,"template":"","meta":{"om_disable_all_campaigns":false,"_monsterinsights_skip_tracking":false,"_monsterinsights_sitenote_active":false,"_monsterinsights_sitenote_note":"","_monsterinsights_sitenote_category":0},"class_list":["post-23939","product","type-product","status-publish","has-post-thumbnail","hentry","product_cat-coatings-decorative","product_cat-decorative-coatings"],"aioseo_notices":[],"_links":{"self":[{"href":"https:\/\/deutschcolor.com\/de\/wp-json\/wp\/v2\/product\/23939","targetHints":{"allow":["GET"]}}],"collection":[{"href":"https:\/\/deutschcolor.com\/de\/wp-json\/wp\/v2\/product"}],"about":[{"href":"https:\/\/deutschcolor.com\/de\/wp-json\/wp\/v2\/types\/product"}],"wp:featuredmedia":[{"embeddable":true,"href":"https:\/\/deutschcolor.com\/de\/wp-json\/wp\/v2\/media\/24418"}],"wp:attachment":[{"href":"https:\/\/deutschcolor.com\/de\/wp-json\/wp\/v2\/media?parent=23939"}],"curies":[{"name":"wp","href":"https:\/\/api.w.org\/{rel}","templated":true}]}}