{"id":23944,"date":"2019-04-22T10:22:35","date_gmt":"2019-04-22T10:22:35","guid":{"rendered":"https:\/\/deutschcolor.com\/de\/?post_type=product&#038;p=23944"},"modified":"2020-01-05T21:05:04","modified_gmt":"2020-01-05T21:05:04","slug":"acryl-putz-tt","status":"publish","type":"product","link":"https:\/\/deutschcolor.com\/de\/product\/acryl-putz-tt\/","title":{"rendered":"Acryl Putz TT"},"content":{"rendered":"<p><strong>Eigenschaften<\/strong><br \/>\n\u2022 Starkes Kleben<br \/>\n\u2022 Verhindert Schrumpfen und Risse<br \/>\n\u2022 Sehr gute Dampfleitf\u00e4higkeit<br \/>\n\u2022 Hohe Elastizit\u00e4t und hervorragende Haftung auf dem Untergrund. \u2022 Erh\u00e4ltlich auf W- und TR-Basis<\/p>\n<p>Anwendungsempfehlungen<br \/>\nEs wird verwendet, um dekorative Wandstrukturen in allen Innenr\u00e4umen sowie in Fassaden, Betonoberfl\u00e4chen usw. zu erstellen. Es wird zur Dekoration von Fassadenoberfl\u00e4chen verwendet, die mit Putzsystemen sowie mit W\u00e4rmed\u00e4mmsystemen versehen sind.<\/p>\n<p>###<\/p>\n<p>Die Unterlage, auf die Acryl Putz TT aufgetragen werden soll, ist vor Staub, \u00d6l-, \u00d6l-, Lack-, Wachs- und Klebstoffr\u00fcckst\u00e4nden zu reinigen. Vor dem Auftragen des Produkts sollte der Tr\u00e4ger mit dem trockenen Mineral Megagrund Liner oder den Produkten der TB-Linie egalisiert werden. Die Oberfl\u00e4che wird dann mit dem Megagrund-Liner vorbehandelt.<\/p>\n<p><strong>Anwendung<\/strong><br \/>\nAcryl Putz TT ist gebrauchsfertig.<\/p>\n<p><strong>VERPACKUNG<\/strong><br \/>\nPlastikeimer 25 Kg<\/p>\n","protected":false},"excerpt":{"rendered":"<p>Fl\u00fcssiger Graphiato auf Silikonbasis mit hervorragender Witterungsbest\u00e4ndigkeit<\/p>\n","protected":false},"featured_media":24419,"template":"","meta":{"om_disable_all_campaigns":false,"_monsterinsights_skip_tracking":false,"_monsterinsights_sitenote_active":false,"_monsterinsights_sitenote_note":"","_monsterinsights_sitenote_category":0},"class_list":["post-23944","product","type-product","status-publish","has-post-thumbnail","hentry","product_cat-coatings-decorative","product_cat-decorative-coatings"],"aioseo_notices":[],"_links":{"self":[{"href":"https:\/\/deutschcolor.com\/de\/wp-json\/wp\/v2\/product\/23944","targetHints":{"allow":["GET"]}}],"collection":[{"href":"https:\/\/deutschcolor.com\/de\/wp-json\/wp\/v2\/product"}],"about":[{"href":"https:\/\/deutschcolor.com\/de\/wp-json\/wp\/v2\/types\/product"}],"wp:featuredmedia":[{"embeddable":true,"href":"https:\/\/deutschcolor.com\/de\/wp-json\/wp\/v2\/media\/24419"}],"wp:attachment":[{"href":"https:\/\/deutschcolor.com\/de\/wp-json\/wp\/v2\/media?parent=23944"}],"curies":[{"name":"wp","href":"https:\/\/api.w.org\/{rel}","templated":true}]}}