{"id":23946,"date":"2019-04-22T10:23:43","date_gmt":"2019-04-22T10:23:43","guid":{"rendered":"https:\/\/deutschcolor.com\/de\/?post_type=product&#038;p=23946"},"modified":"2020-01-05T21:03:01","modified_gmt":"2020-01-05T21:03:01","slug":"smartec","status":"publish","type":"product","link":"https:\/\/deutschcolor.com\/de\/product\/smartec\/","title":{"rendered":"Smartec"},"content":{"rendered":"<p><strong>EIGENSCHAFTEN<\/strong><br \/>\n\u2022 Erm\u00f6glicht die Wanddampfdurchl\u00e4ssigkeit.<br \/>\n\u2022 Bildet eine stabile Struktur<br \/>\n\u2022 Schlie\u00dft das Rei\u00dfen von Zement-Kalk-Putz<br \/>\n\u2022 Bildet eine sch\u00f6ne und sch\u00fctzende Struktur gegen Witterungseinfl\u00fcsse.<br \/>\n\u2022 Es zeichnet sich durch gute Verarbeitbarkeit und Offenheit aus.<br \/>\n\u2022 Sie zeichnet sich durch eine lange Arbeitszeit aus.<br \/>\n\u2022 Entspricht EN 15824.<br \/>\n\u2022 Einfaches Produkt anwenden.<br \/>\n <strong>Anwendungsempfehlungen<\/strong><br \/>\nGeeignet f\u00fcr dekorative Beschichtungen mit guter Klebekraft und elastischer Wasserfestigkeit. Es wird auch verwendet, um dekorative Beschichtungen auf Oberfl\u00e4chen zu erzeugen, die mit W\u00e4rmed\u00e4mmgrundm\u00f6rtel gef\u00fcllt sind, die nach der Behandlung mit Tecnofix Liquid in W\u00e4rmed\u00e4mmsystemen mit Tecnofix oder Conexion 99 vorgeflacht wurden.<\/p>\n<p>###<\/p>\n<p><strong>VERPACKUNG<\/strong><br \/>\nPapiert\u00fcten 25 Kg.<br \/>\n<strong>HALTBARKEIT  UND LAGERUNG<\/strong><br \/>\n12 Monate bei Lagerung in unge\u00f6ffneter Originalverpackung und vor direkter Sonneneinstrahlung gesch\u00fctzt. Bei Temperaturen zwischen + 5 \u00b0 C und + 30 \u00b0 C lagern. Sch\u00fctzen Sie sie vor Frost.<\/p>\n<p><strong>VERBRAUCH<\/strong><br \/>\n2,5 &#8211; 5 kg \/ m2 h\u00e4ngen von der Gr\u00f6\u00dfe des Steins ab.<\/p>\n","protected":false},"excerpt":{"rendered":"<p>Gebrauchsfertige dekorative Beschichtung f\u00fcr die Behandlung von Fassaden und Innenfl\u00e4chen<\/p>\n","protected":false},"featured_media":24844,"template":"","meta":{"om_disable_all_campaigns":false,"_monsterinsights_skip_tracking":false,"_monsterinsights_sitenote_active":false,"_monsterinsights_sitenote_note":"","_monsterinsights_sitenote_category":0},"class_list":["post-23946","product","type-product","status-publish","has-post-thumbnail","hentry","product_cat-coatings-decorative","product_cat-decorative-coatings"],"aioseo_notices":[],"_links":{"self":[{"href":"https:\/\/deutschcolor.com\/de\/wp-json\/wp\/v2\/product\/23946","targetHints":{"allow":["GET"]}}],"collection":[{"href":"https:\/\/deutschcolor.com\/de\/wp-json\/wp\/v2\/product"}],"about":[{"href":"https:\/\/deutschcolor.com\/de\/wp-json\/wp\/v2\/types\/product"}],"wp:featuredmedia":[{"embeddable":true,"href":"https:\/\/deutschcolor.com\/de\/wp-json\/wp\/v2\/media\/24844"}],"wp:attachment":[{"href":"https:\/\/deutschcolor.com\/de\/wp-json\/wp\/v2\/media?parent=23946"}],"curies":[{"name":"wp","href":"https:\/\/api.w.org\/{rel}","templated":true}]}}