{"id":23948,"date":"2019-04-22T10:25:41","date_gmt":"2019-04-22T10:25:41","guid":{"rendered":"https:\/\/deutschcolor.com\/de\/?post_type=product&#038;p=23948"},"modified":"2020-01-05T21:20:57","modified_gmt":"2020-01-05T21:20:57","slug":"megagrund","status":"publish","type":"product","link":"https:\/\/deutschcolor.com\/de\/product\/megagrund\/","title":{"rendered":"Megagrund"},"content":{"rendered":"<p><strong>EIGENSCHAFTEN<\/strong><br \/>\n&#8211; ERZEUGT EINE RAUE OBERFL\u00c4CHE<br \/>\n\u2022 GUTE HAFTUNG AUF DEM UNTERGRUND<br \/>\n\u2022 F\u00d6RDERT DIE VERBINDUNG MIT ZIERM\u00d6RTEL<br \/>\n\u2022 VERL\u00c4NGERT DIE TROCKNUNGSZEIT MIT DEKORATIVEM FINISH<br \/>\n\u2022 GEW\u00c4HRLEISTET GLEICHM\u00c4\u00dfIGE FARBEN IN DEKORATIVEN SCHEIBEN<br \/>\n\u2022 UNTERSCHIEDLICHE FARBT\u00d6NE JE NACH DCTS-FARBSYSTEM<br \/>\n<strong>ANWENDUNGSEMPFEHLUNGEN<\/strong><br \/>\nWIRD IN ALLEN INNEN- UND AU\u00dfENW\u00c4NDEN VERWENDET. ES WIRD ALS PR\u00c4GRAPHITISCHER HAFTVERMITTLER IN W\u00c4RMED\u00c4MMSYSTEMEN EINGESETZT.<br \/>\nOBERFL\u00c4CHENVORBEREITUNG<br \/>\nDIE OBERFL\u00c4CHEN SOLLTEN VOLLST\u00c4NDIG TROCKEN, SAUBER UND STAUBFREI SEIN UND ELEMENTE ENTHALTEN, DIE DAS ANHAFTEN DES PRODUKTS VERHINDERN.<\/p>\n<p>###<\/p>\n<p><strong>LAGERUNG UND HALTBARKEIT<\/strong><br \/>\n36 MONATE BEI TROCKENER LAGERUNG, FERN VON W\u00c4RMEQUELLEN, BEI EINER TEMPERATUR ZWISCHEN + 5 \u00b0 C UND + 30 \u00b0 C. VOR FROST SCH\u00dcTZEN.<\/p>\n<p><strong>VERPACKUNG<\/strong><br \/>\nPLASTIKEIMER 3 L \/ 15 L<\/p>\n","protected":false},"excerpt":{"rendered":"<p>HOCHWERTIGE GRUNDIERUNG AUF ACRYLEMULSIONSBASIS UND AUSGEW\u00c4HLTE GRANULOMETRIE-AGGREGATE<\/p>\n","protected":false},"featured_media":24421,"template":"","meta":{"om_disable_all_campaigns":false,"_monsterinsights_skip_tracking":false,"_monsterinsights_sitenote_active":false,"_monsterinsights_sitenote_note":"","_monsterinsights_sitenote_category":0},"class_list":["post-23948","product","type-product","status-publish","has-post-thumbnail","hentry","product_cat-coatings-decorative","product_cat-primer"],"aioseo_notices":[],"_links":{"self":[{"href":"https:\/\/deutschcolor.com\/de\/wp-json\/wp\/v2\/product\/23948","targetHints":{"allow":["GET"]}}],"collection":[{"href":"https:\/\/deutschcolor.com\/de\/wp-json\/wp\/v2\/product"}],"about":[{"href":"https:\/\/deutschcolor.com\/de\/wp-json\/wp\/v2\/types\/product"}],"wp:featuredmedia":[{"embeddable":true,"href":"https:\/\/deutschcolor.com\/de\/wp-json\/wp\/v2\/media\/24421"}],"wp:attachment":[{"href":"https:\/\/deutschcolor.com\/de\/wp-json\/wp\/v2\/media?parent=23948"}],"curies":[{"name":"wp","href":"https:\/\/api.w.org\/{rel}","templated":true}]}}