{"id":23953,"date":"2019-04-22T10:27:07","date_gmt":"2019-04-22T10:27:07","guid":{"rendered":"https:\/\/deutschcolor.com\/de\/?post_type=product&#038;p=23953"},"modified":"2020-01-05T21:19:23","modified_gmt":"2020-01-05T21:19:23","slug":"acrylex","status":"publish","type":"product","link":"https:\/\/deutschcolor.com\/de\/product\/acrylex\/","title":{"rendered":"Acrylex"},"content":{"rendered":"<p><strong>Eigenschaften<\/strong><br \/>\n\u2022 Enth\u00e4lt kein Ammoniak<br \/>\n\u2022 Ideal f\u00fcr Innen- und Au\u00dfenr\u00e4ume.<br \/>\n\u2022 Enth\u00e4lt keine gef\u00e4hrlichen Substanzen wie: Schwermetalle, freie Formaldehyde, aromatische Kohlenwasserstoffe usw.<\/p>\n<p><strong>Anwendungsempfehlungen<\/strong><br \/>\nWird an allen Innen- und Au\u00dfenw\u00e4nden f\u00fcr Jung und Alt verwendet. Es wird als pr\u00e4graphitischer Haftvermittler in W\u00e4rmed\u00e4mmsystemen eingesetzt.<\/p>\n<p>###<\/p>\n<p><strong>LAGERUNG UND HALTBARKEIT<\/strong><br \/>\n36 Monate bei trockener Lagerung, fern von W\u00e4rmequellen, bei einer Temperatur zwischen + 5 \u00b0 C und + 30 \u00b0 C. Vor Frost sch\u00fctzen.<\/p>\n<p><strong>Verpackung<\/strong><br \/>\nPlastikeimer 15 Kg.<\/p>\n","protected":false},"excerpt":{"rendered":"<p>Sparsame k\u00f6rnige Acrylbeschichtung f\u00fcr die Haftung von Garfiato<\/p>\n","protected":false},"featured_media":24422,"template":"","meta":{"om_disable_all_campaigns":false,"_monsterinsights_skip_tracking":false,"_monsterinsights_sitenote_active":false,"_monsterinsights_sitenote_note":"","_monsterinsights_sitenote_category":0},"class_list":["post-23953","product","type-product","status-publish","has-post-thumbnail","hentry","product_cat-coatings-decorative","product_cat-primer"],"aioseo_notices":[],"_links":{"self":[{"href":"https:\/\/deutschcolor.com\/de\/wp-json\/wp\/v2\/product\/23953","targetHints":{"allow":["GET"]}}],"collection":[{"href":"https:\/\/deutschcolor.com\/de\/wp-json\/wp\/v2\/product"}],"about":[{"href":"https:\/\/deutschcolor.com\/de\/wp-json\/wp\/v2\/types\/product"}],"wp:featuredmedia":[{"embeddable":true,"href":"https:\/\/deutschcolor.com\/de\/wp-json\/wp\/v2\/media\/24422"}],"wp:attachment":[{"href":"https:\/\/deutschcolor.com\/de\/wp-json\/wp\/v2\/media?parent=23953"}],"curies":[{"name":"wp","href":"https:\/\/api.w.org\/{rel}","templated":true}]}}