{"id":23963,"date":"2019-04-22T10:33:33","date_gmt":"2019-04-22T10:33:33","guid":{"rendered":"https:\/\/deutschcolor.com\/de\/?post_type=product&#038;p=23963"},"modified":"2020-01-05T19:54:38","modified_gmt":"2020-01-05T19:54:38","slug":"wasserphob","status":"publish","type":"product","link":"https:\/\/deutschcolor.com\/de\/product\/wasserphob\/","title":{"rendered":"Wasserphob"},"content":{"rendered":"<p><strong>EIGENSCHAFTEN<\/strong><br \/>\n\u2022 L\u00f6sungsmittelbasiert<br \/>\n\u2022 Substratverst\u00e4rker<br \/>\n\u2022 Guter Schutz gegen Feuchtigkeit und Salzflecken<br \/>\n\u2022 Gutes Eindringen in die Oberfl\u00e4che<\/p>\n<p><strong>EMPFEHLUNGEN F\u00dcR DEN GEBRAUCH<\/strong><br \/>\nWasserphob sch\u00fctzt por\u00f6se Schichten wie Beton, Gips, Gipskartonplatten, Natursteine usw. vor Feuchtigkeit und Salzflecken. Es kann auch verwendet werden, um schwache Schichten wie Gips usw. zu verst\u00e4rken. Geeignet f\u00fcr den Innen- und Au\u00dfenbereich.<br \/>\nANWENDUNGSHINWEISE<br \/>\nOberfl\u00e4chenvorbereitung<br \/>\nDie Oberfl\u00e4chen m\u00fcssen vollst\u00e4ndig trocken, sauber und frei von Hindernissen f\u00fcr das Eindringen von Produkten sein.<\/p>\n<p>###<\/p>\n<p><strong>LAGERUNG UND LEBEN<\/strong><br \/>\n36 Monate bei versiegelter Verpackung und unter normalen Bedingungen.<\/p>\n<p><strong>VERBRAUCH<\/strong><br \/>\n0,2 &#8211; 0,3 kg \/ m\u00b2<\/p>\n<p><strong>VERPACKUNG<\/strong><br \/>\n1lt Dosen.<\/p>\n","protected":false},"excerpt":{"rendered":"<p>Hydrophobic agent for Hydrophobes Mittel f\u00fcr alle mineralischen Oberfl\u00e4chen, das das Eindringen von Wasser verhindertall mineral surfaces that prevents water penetration<\/p>\n","protected":false},"featured_media":24425,"template":"","meta":{"om_disable_all_campaigns":false,"_monsterinsights_skip_tracking":false,"_monsterinsights_sitenote_active":false,"_monsterinsights_sitenote_note":"","_monsterinsights_sitenote_category":0},"class_list":["post-23963","product","type-product","status-publish","has-post-thumbnail","hentry","product_cat-hydro-insulation","product_cat-associative-products-hydro-insulation"],"aioseo_notices":[],"_links":{"self":[{"href":"https:\/\/deutschcolor.com\/de\/wp-json\/wp\/v2\/product\/23963","targetHints":{"allow":["GET"]}}],"collection":[{"href":"https:\/\/deutschcolor.com\/de\/wp-json\/wp\/v2\/product"}],"about":[{"href":"https:\/\/deutschcolor.com\/de\/wp-json\/wp\/v2\/types\/product"}],"wp:featuredmedia":[{"embeddable":true,"href":"https:\/\/deutschcolor.com\/de\/wp-json\/wp\/v2\/media\/24425"}],"wp:attachment":[{"href":"https:\/\/deutschcolor.com\/de\/wp-json\/wp\/v2\/media?parent=23963"}],"curies":[{"name":"wp","href":"https:\/\/api.w.org\/{rel}","templated":true}]}}