{"id":23974,"date":"2019-04-22T14:27:02","date_gmt":"2019-04-22T14:27:02","guid":{"rendered":"https:\/\/deutschcolor.com\/de\/?post_type=product&#038;p=23974"},"modified":"2020-01-06T09:21:51","modified_gmt":"2020-01-06T09:21:51","slug":"metalhaftgrund-550","status":"publish","type":"product","link":"https:\/\/deutschcolor.com\/de\/product\/metalhaftgrund-550\/","title":{"rendered":"Metalhaftgrund 550"},"content":{"rendered":"<p><strong>Produkteigenschaften <\/strong><br \/>\n\u2022 Bleifrei und chromfrei<br \/>\n\u2022 Korrosionsschutz<br \/>\n\u2022 Hervorragende Abdeckung<br \/>\n\u2022 Sehr gute F\u00fclleigenschaften<br \/>\n\u2022 Perfekte Verarbeitbarkeit und Nivellierung<br \/>\n\u2022 Wei\u00dfe, schwarze, graue, rote Farbe<br \/>\n\u2022 Starke Haftung, hohe Elastizit\u00e4t und schnelles Trocknen<\/p>\n<p><strong>Anwendungsempfehlungen<\/strong><br \/>\nEs wird empfohlen, auf allen Metalloberfl\u00e4chen, die f\u00fcr den Innen- und Au\u00dfenbereich vorgesehen sind, eine Auskleidung zu verwenden. Es wird zum Streichen von Metallstrukturen verwendet, die f\u00fcr den Einsatz in industriellen Umgebungen vorgesehen sind, wie z. B. Silos, Br\u00fccken, Leitern usw.<\/p>\n<p>###<\/p>\n<p><strong>Lagerung und Haltbarkeit <\/strong><br \/>\n36 Monate bei versiegelter Verpackung und unter normalen Lagerbedingungen.<\/p>\n<p><strong>Hinweise<\/strong><br \/>\n\u2022 Es wird empfohlen, die Anwendung des Produkts bei Temperaturen unter 5 \u00b0 C zu vermeiden.<\/p>\n<p><strong>Verpackung<\/strong><br \/>\n0,75 l \/ 3 l-Dosen<\/p>\n","protected":false},"excerpt":{"rendered":"<p>Hochwertiger Korrosionsschutzliner mit speziellen Zinkadditiven f\u00fcr Korrosionsschutzmetall, schnell trocknend.<\/p>\n","protected":false},"featured_media":24426,"template":"","meta":{"om_disable_all_campaigns":false,"_monsterinsights_skip_tracking":false,"_monsterinsights_sitenote_active":false,"_monsterinsights_sitenote_note":"","_monsterinsights_sitenote_category":0},"class_list":["post-23974","product","type-product","status-publish","has-post-thumbnail","hentry","product_cat-metal-paints","product_cat-primer-metal-paints"],"aioseo_notices":[],"_links":{"self":[{"href":"https:\/\/deutschcolor.com\/de\/wp-json\/wp\/v2\/product\/23974","targetHints":{"allow":["GET"]}}],"collection":[{"href":"https:\/\/deutschcolor.com\/de\/wp-json\/wp\/v2\/product"}],"about":[{"href":"https:\/\/deutschcolor.com\/de\/wp-json\/wp\/v2\/types\/product"}],"wp:featuredmedia":[{"embeddable":true,"href":"https:\/\/deutschcolor.com\/de\/wp-json\/wp\/v2\/media\/24426"}],"wp:attachment":[{"href":"https:\/\/deutschcolor.com\/de\/wp-json\/wp\/v2\/media?parent=23974"}],"curies":[{"name":"wp","href":"https:\/\/api.w.org\/{rel}","templated":true}]}}