{"id":23985,"date":"2019-04-22T14:29:17","date_gmt":"2019-04-22T14:29:17","guid":{"rendered":"https:\/\/deutschcolor.com\/de\/?post_type=product&#038;p=23985"},"modified":"2020-01-06T09:21:00","modified_gmt":"2020-01-06T09:21:00","slug":"metal-grund-410","status":"publish","type":"product","link":"https:\/\/deutschcolor.com\/de\/product\/metal-grund-410\/","title":{"rendered":"Metalgrund 410"},"content":{"rendered":"<p><strong>EIGENSCHAFTEN<\/strong><br \/>\n\u2022 Leichter Abrieb<br \/>\n\u2022 Korrosionsschutz<br \/>\n\u2022 Hervorragende Abdeckung<br \/>\n\u2022 Sehr gute F\u00fclleigenschaften<br \/>\n\u2022 Perfekte Verarbeitbarkeit und Nivellierung<br \/>\n\u2022 Starke Haftung und schnelles Trocknen<br \/>\n\u2022 Grau, Rot, Blau und Gr\u00fcn<\/p>\n<p><strong>Anwendungsempfehlungen<\/strong><br \/>\nEs wird empfohlen, auf allen Metalloberfl\u00e4chen, die f\u00fcr den Innen- und Au\u00dfenbereich vorgesehen sind, als Unterlage zu verwendet. Es wird zum Lackieren von Metallstrukturen verwendet, die f\u00fcr den Einsatz in industriellen Umgebungen vorgesehen sind, wie z. B. Silos, Metallstrukturen usw.<\/p>\n<p>###<\/p>\n<p><strong>Lagerung und Haltbarkeit <\/strong><br \/>\n36 Monate bei versiegelter Verpackung und unter normalen Lagerbedingungen.<\/p>\n<p><strong>Hinweise<\/strong><br \/>\n\u2022 Es wird empfohlen, die Anwendung des Produkts bei Temperaturen unter 5 \u00b0 C zu vermeiden.<\/p>\n<p><strong>Verpackung<\/strong><br \/>\n0,75 l \/ 3 l-Dosen.<\/p>\n","protected":false},"excerpt":{"rendered":"<p>Korrosionsschutzbeschichtung mit sehr guten Schutzeigenschaften von Metalloberfl\u00e4chen gegen Korrosion<\/p>\n","protected":false},"featured_media":24427,"template":"","meta":{"om_disable_all_campaigns":false,"_monsterinsights_skip_tracking":false,"_monsterinsights_sitenote_active":false,"_monsterinsights_sitenote_note":"","_monsterinsights_sitenote_category":0},"class_list":["post-23985","product","type-product","status-publish","has-post-thumbnail","hentry","product_cat-metal-paints","product_cat-primer-metal-paints"],"aioseo_notices":[],"_links":{"self":[{"href":"https:\/\/deutschcolor.com\/de\/wp-json\/wp\/v2\/product\/23985","targetHints":{"allow":["GET"]}}],"collection":[{"href":"https:\/\/deutschcolor.com\/de\/wp-json\/wp\/v2\/product"}],"about":[{"href":"https:\/\/deutschcolor.com\/de\/wp-json\/wp\/v2\/types\/product"}],"wp:featuredmedia":[{"embeddable":true,"href":"https:\/\/deutschcolor.com\/de\/wp-json\/wp\/v2\/media\/24427"}],"wp:attachment":[{"href":"https:\/\/deutschcolor.com\/de\/wp-json\/wp\/v2\/media?parent=23985"}],"curies":[{"name":"wp","href":"https:\/\/api.w.org\/{rel}","templated":true}]}}