{"id":23991,"date":"2019-04-22T14:32:09","date_gmt":"2019-04-22T14:32:09","guid":{"rendered":"https:\/\/deutschcolor.com\/de\/?post_type=product&#038;p=23991"},"modified":"2020-01-06T09:24:11","modified_gmt":"2020-01-06T09:24:11","slug":"epo-grund-s","status":"publish","type":"product","link":"https:\/\/deutschcolor.com\/de\/product\/epo-grund-s\/","title":{"rendered":"Epo Grund S"},"content":{"rendered":"<p><strong>Eigenschaften<\/strong><br \/>\n\u2022 Schnell trocknend<br \/>\n\u2022 Auf Alkydfarbe kleben<br \/>\n\u2022 Korrosionsschutz<br \/>\n\u2022 Hervorragende Haftung auf metallischen Oberfl\u00e4chen<br \/>\n\u2022 Hohe chemische Korrosionsbest\u00e4ndigkeit<br \/>\n\u2022 Perfekte Haftung und hohe Penetration auf rostigen Oberfl\u00e4chen<\/p>\n<p><strong>Anwendungsempfehlungen<\/strong><br \/>\nEs wird empfohlen, auf allen Metalloberfl\u00e4chen, die f\u00fcr den Innen- und Au\u00dfenbereich vorgesehen sind, eine Auskleidung zu verwenden. Es wird insbesondere dort eingesetzt, wo eine sehr hohe Rostbest\u00e4ndigkeit erforderlich ist und Metalloberfl\u00e4chen korrosiven Stoffen ausgesetzt sind. Zum Streichen von Metallstrukturen, die f\u00fcr den Einsatz in Industrieumgebungen vorgesehen sind, wie z. B. Silos, Br\u00fccken, Leitern, Metalltankschiffen, Maschinen usw.<\/p>\n<p>###<\/p>\n<p><strong>Lagerung und Haltbarkeit <\/strong><br \/>\n36 Monate bei versiegelter Verpackung und unter normalen Lagerbedingungen.<\/p>\n<p><strong>Hinweise<\/strong><br \/>\nEs wird empfohlen, die Anwendung des Produkts bei Temperaturen unter 5 \u00b0 C zu vermeiden.<\/p>\n<p><strong>Verpackung<\/strong><br \/>\nDosen 4Kg<\/p>\n","protected":false},"excerpt":{"rendered":"<p>Polyamidverst\u00e4rkte Zweikomponenten-Epoxidbeschichtung mit Zinkphosphat und hervorragenden Korrosionseigenschaften<\/p>\n","protected":false},"featured_media":24429,"template":"","meta":{"om_disable_all_campaigns":false,"_monsterinsights_skip_tracking":false,"_monsterinsights_sitenote_active":false,"_monsterinsights_sitenote_note":"","_monsterinsights_sitenote_category":0},"class_list":["post-23991","product","type-product","status-publish","has-post-thumbnail","hentry","product_cat-metal-paints","product_cat-primer-metal-paints"],"aioseo_notices":[],"_links":{"self":[{"href":"https:\/\/deutschcolor.com\/de\/wp-json\/wp\/v2\/product\/23991","targetHints":{"allow":["GET"]}}],"collection":[{"href":"https:\/\/deutschcolor.com\/de\/wp-json\/wp\/v2\/product"}],"about":[{"href":"https:\/\/deutschcolor.com\/de\/wp-json\/wp\/v2\/types\/product"}],"wp:featuredmedia":[{"embeddable":true,"href":"https:\/\/deutschcolor.com\/de\/wp-json\/wp\/v2\/media\/24429"}],"wp:attachment":[{"href":"https:\/\/deutschcolor.com\/de\/wp-json\/wp\/v2\/media?parent=23991"}],"curies":[{"name":"wp","href":"https:\/\/api.w.org\/{rel}","templated":true}]}}