{"id":23995,"date":"2019-04-22T14:37:50","date_gmt":"2019-04-22T14:37:50","guid":{"rendered":"https:\/\/deutschcolor.com\/de\/?post_type=product&#038;p=23995"},"modified":"2020-01-06T09:25:45","modified_gmt":"2020-01-06T09:25:45","slug":"grundrub","status":"publish","type":"product","link":"https:\/\/deutschcolor.com\/de\/product\/grundrub\/","title":{"rendered":"Grundrub"},"content":{"rendered":"<p><strong>Eigenschaften<\/strong><br \/>\n\u2022 Schnell trocknend<br \/>\n\u2022 Hervorragendes Kleben<br \/>\n\u2022 Chemische Best\u00e4ndigkeit gegen Korrosion und Meerwasser<br \/>\n\u2022 Kann in aggressiver Atmosph\u00e4re als Liner oder Mittelschicht verwendet werden<\/p>\n<p><strong>Anwendungsempfehlungen<\/strong><br \/>\nEs wird empfohlen, auf allen Metalloberfl\u00e4chen, die f\u00fcr den Innen- und Au\u00dfenbereich vorgesehen sind, eine Auskleidung zu verwenden. Es wird insbesondere dort eingesetzt, wo eine sehr hohe Rostbest\u00e4ndigkeit erforderlich ist und Metalloberfl\u00e4chen korrosiven Stoffen ausgesetzt sind. Zum Streichen von Metallstrukturen, die f\u00fcr den Einsatz in Industrieumgebungen vorgesehen sind, wie z. B. Silos, Br\u00fccken, Leitern, Metalltankschiffen, Maschinen usw. Es wird empfohlen, haupts\u00e4chlich in der Schifffahrtsindustrie zum Lackieren von Fahrzeugen, Schiffen sowie zum Bearbeiten von Maschinen in Hafengebieten verwendet zu werden.<\/p>\n<p>###<\/p>\n<p><strong>Lagerung und Haltbarkeit <\/strong><br \/>\n36 Monate bei versiegelter Verpackung und unter normalen Lagerbedingungen.<\/p>\n<p><strong>Hinweise<\/strong><br \/>\nEs wird empfohlen, die Anwendung des Produkts bei Temperaturen unter 5 \u00b0 C zu vermeiden.<\/p>\n<p><strong>Verpackung<\/strong><br \/>\n5 kg \/ 10 kg Dosen<\/p>\n","protected":false},"excerpt":{"rendered":"<p>Hochwertige Zweikomponenten-Epoxidbeschichtung f\u00fcr Zinkphosphat-Metalloberfl\u00e4chen<\/p>\n","protected":false},"featured_media":24431,"template":"","meta":{"om_disable_all_campaigns":false,"_monsterinsights_skip_tracking":false,"_monsterinsights_sitenote_active":false,"_monsterinsights_sitenote_note":"","_monsterinsights_sitenote_category":0},"class_list":["post-23995","product","type-product","status-publish","has-post-thumbnail","hentry","product_cat-metal-paints","product_cat-primer-metal-paints"],"aioseo_notices":[],"_links":{"self":[{"href":"https:\/\/deutschcolor.com\/de\/wp-json\/wp\/v2\/product\/23995","targetHints":{"allow":["GET"]}}],"collection":[{"href":"https:\/\/deutschcolor.com\/de\/wp-json\/wp\/v2\/product"}],"about":[{"href":"https:\/\/deutschcolor.com\/de\/wp-json\/wp\/v2\/types\/product"}],"wp:featuredmedia":[{"embeddable":true,"href":"https:\/\/deutschcolor.com\/de\/wp-json\/wp\/v2\/media\/24431"}],"wp:attachment":[{"href":"https:\/\/deutschcolor.com\/de\/wp-json\/wp\/v2\/media?parent=23995"}],"curies":[{"name":"wp","href":"https:\/\/api.w.org\/{rel}","templated":true}]}}