{"id":23998,"date":"2019-04-22T14:40:33","date_gmt":"2019-04-22T14:40:33","guid":{"rendered":"https:\/\/deutschcolor.com\/de\/?post_type=product&#038;p=23998"},"modified":"2020-01-06T09:30:09","modified_gmt":"2020-01-06T09:30:09","slug":"alpenlack-340","status":"publish","type":"product","link":"https:\/\/deutschcolor.com\/de\/product\/alpenlack-340\/","title":{"rendered":"Alpenlack 340"},"content":{"rendered":"<p><strong>EIGENSCHAFTEN<\/strong><br \/>\n\u2022 Erh\u00e4ltlich in 24 Farben<br \/>\n\u2022 Hervorragende Verarbeitbarkeit<br \/>\n\u2022 \u00dcberragende Schlagfestigkeit<br \/>\n\u2022 Starke Haftung und kurze Trocknungszeit<br \/>\n\u2022 Hervorragende Deckungs- und Nivellierungsf\u00e4higkeiten<br \/>\n\u2022 Enth\u00e4lt keine Chrom- oder Bleiverbindungen<br \/>\n\u2022 Bietet vollst\u00e4ndigen Schutz vor korrosiven Stoffen<\/p>\n<p><strong>Anwendungsempfehlungen<\/strong><br \/>\nEs wird empfohlen, alle Metalloberfl\u00e4chen, die f\u00fcr den Innen- und Au\u00dfenbereich vorgesehen sind, mit Farbe zu versehen. Es wird zum Streichen von Metallstrukturen verwendet, die f\u00fcr den Einsatz in Industrieumgebungen wie Silos, Br\u00fccken, Treppen, Gel\u00e4ndern, Metallt\u00fcren usw. vorgesehen sind.<\/p>\n<p>###<\/p>\n<p><strong>Lagerung und Haltbarkeit <\/strong><br \/>\n36 Monate bei versiegelter Verpackung und unter normalen Lagerbedingungen.<\/p>\n<p><strong>Hinweis<\/strong><br \/>\nEs wird empfohlen, die Anwendung des Produkts bei Temperaturen unter 5 \u00b0 C zu vermeiden.<\/p>\n<p><strong>Verbrauch<\/strong><br \/>\n12-14m2 \/ lt<\/p>\n<p><strong>Verpackung<\/strong><br \/>\n0,75 l \/ 3 l-Dosen<\/p>\n","protected":false},"excerpt":{"rendered":"<p>Hochwertige Metallfarbe, die eine sehr gl\u00e4nzende und kratzfeste Oberfl\u00e4che ergibt<\/p>\n","protected":false},"featured_media":24432,"template":"","meta":{"om_disable_all_campaigns":false,"_monsterinsights_skip_tracking":false,"_monsterinsights_sitenote_active":false,"_monsterinsights_sitenote_note":"","_monsterinsights_sitenote_category":0},"class_list":["post-23998","product","type-product","status-publish","has-post-thumbnail","hentry","product_cat-metal-paints","product_cat-paints-for-metals"],"aioseo_notices":[],"_links":{"self":[{"href":"https:\/\/deutschcolor.com\/de\/wp-json\/wp\/v2\/product\/23998","targetHints":{"allow":["GET"]}}],"collection":[{"href":"https:\/\/deutschcolor.com\/de\/wp-json\/wp\/v2\/product"}],"about":[{"href":"https:\/\/deutschcolor.com\/de\/wp-json\/wp\/v2\/types\/product"}],"wp:featuredmedia":[{"embeddable":true,"href":"https:\/\/deutschcolor.com\/de\/wp-json\/wp\/v2\/media\/24432"}],"wp:attachment":[{"href":"https:\/\/deutschcolor.com\/de\/wp-json\/wp\/v2\/media?parent=23998"}],"curies":[{"name":"wp","href":"https:\/\/api.w.org\/{rel}","templated":true}]}}