{"id":24003,"date":"2019-04-22T14:42:18","date_gmt":"2019-04-22T14:42:18","guid":{"rendered":"https:\/\/deutschcolor.com\/de\/?post_type=product&#038;p=24003"},"modified":"2020-01-06T09:28:18","modified_gmt":"2020-01-06T09:28:18","slug":"holz-und-metal-270","status":"publish","type":"product","link":"https:\/\/deutschcolor.com\/de\/product\/holz-und-metal-270\/","title":{"rendered":"Holz Und Metal 270"},"content":{"rendered":"<p><strong>EIGENSCHAFTEN<\/strong><br \/>\n\u2022 Bleifrei und chromfrei<br \/>\n\u2022 In 14 Farben erh\u00e4ltlich<br \/>\n\u2022 Hervorragende Abdeckung<br \/>\n\u2022 Sehr gute Verarbeitbarkeit und Nivellierung<br \/>\n\u2022 Lang anhaltende brillante Farben<br \/>\n\u2022 Best\u00e4ndigkeit gegen widrige Witterungsbedingungen, Luftverschmutzung<\/p>\n<p><strong>Anwendungsempfehlungen<\/strong><br \/>\nEs wird empfohlen, alle f\u00fcr den Innen- und Au\u00dfenbereich bestimmten Metall- und Holzoberfl\u00e4chen zu lackieren. Es wird zum Streichen von Metallstrukturen verwendet, die f\u00fcr den Einsatz in Industrieumgebungen wie Silos, Br\u00fccken, Treppen, Gel\u00e4ndern, Metallt\u00fcren usw. vorgesehen sind. Es wird zum Bemalen von Z\u00e4unen aus Holzschindeln, Holztreppen, Holzhandl\u00e4ufen usw. verwendet.<\/p>\n<p>###<\/p>\n<p><strong>Lagerung und Haltbarket <\/strong><br \/>\n36 Monate bei versiegelter Verpackung und unter normalen Lagerbedingungen.<\/p>\n<p><strong>Hinweise<\/strong><br \/>\nEs wird empfohlen, die Anwendung des Produkts bei Temperaturen unter 5 \u00b0 C zu vermeiden.<\/p>\n<p><strong>Verbrauch<\/strong><br \/>\n12-14m2 \/ lt<\/p>\n<p><strong>Verpackung<\/strong><br \/>\n0,75 l \/ 3 l-Dosen.<\/p>\n","protected":false},"excerpt":{"rendered":"<p>Metall- und Holzfarbe mit sehr guten deckenden Eigenschaften und hohem Glanz<\/p>\n","protected":false},"featured_media":24433,"template":"","meta":{"om_disable_all_campaigns":false,"_monsterinsights_skip_tracking":false,"_monsterinsights_sitenote_active":false,"_monsterinsights_sitenote_note":"","_monsterinsights_sitenote_category":0},"class_list":["post-24003","product","type-product","status-publish","has-post-thumbnail","hentry","product_cat-metal-paints","product_cat-paints-for-metals"],"aioseo_notices":[],"_links":{"self":[{"href":"https:\/\/deutschcolor.com\/de\/wp-json\/wp\/v2\/product\/24003","targetHints":{"allow":["GET"]}}],"collection":[{"href":"https:\/\/deutschcolor.com\/de\/wp-json\/wp\/v2\/product"}],"about":[{"href":"https:\/\/deutschcolor.com\/de\/wp-json\/wp\/v2\/types\/product"}],"wp:featuredmedia":[{"embeddable":true,"href":"https:\/\/deutschcolor.com\/de\/wp-json\/wp\/v2\/media\/24433"}],"wp:attachment":[{"href":"https:\/\/deutschcolor.com\/de\/wp-json\/wp\/v2\/media?parent=24003"}],"curies":[{"name":"wp","href":"https:\/\/api.w.org\/{rel}","templated":true}]}}