{"id":24014,"date":"2019-04-22T14:47:13","date_gmt":"2019-04-22T14:47:13","guid":{"rendered":"https:\/\/deutschcolor.com\/de\/?post_type=product&#038;p=24014"},"modified":"2020-01-06T09:27:01","modified_gmt":"2020-01-06T09:27:01","slug":"lx-economic","status":"publish","type":"product","link":"https:\/\/deutschcolor.com\/de\/product\/lx-economic\/","title":{"rendered":"LX Economic"},"content":{"rendered":"<p><strong>Produkteigenschaften<\/strong><br \/>\n\u2022 Wirtschaftliche L\u00f6sungen<br \/>\n\u2022 Bleifrei und chromfrei<br \/>\n\u2022 Gute Abdeckung<br \/>\n\u2022 In 13 Farben erh\u00e4ltlich<br \/>\n\u2022 Korrosionsschutz<br \/>\n\u2022 Gute Verarbeitbarkeit und Verlaufseigenschaften<\/p>\n<p><strong>Anwendungsempfehlungen<\/strong><br \/>\nEs wird empfohlen, alle f\u00fcr den Innen- und Au\u00dfenbereich bestimmten Metall- und Holzoberfl\u00e4chen zu lackieren. Es wird zum Streichen von Metallstrukturen wie Treppen, Gel\u00e4ndern, Metallt\u00fcren usw. verwendet. Es wird auch zum Streichen von Holzz\u00e4unen, Treppengel\u00e4ndern usw. verwendet.<\/p>\n<p>###<\/p>\n<p><strong>Lagerung und Haltbarkeit <\/strong><br \/>\n24 Monate bei versiegelter Verpackung und unter normalen Lagerbedingungen.<\/p>\n<p><strong>Hinweise<\/strong><br \/>\nEs wird empfohlen, die Anwendung des Produkts bei Temperaturen unter 5 \u00b0 C zu vermeiden<\/p>\n<p><strong>Verbrauch<\/strong><br \/>\n8-9m2 \/ lt<\/p>\n<p><strong>Verpackung<\/strong><br \/>\n0,75 l \/ 3 l-Dosen<\/p>\n","protected":false},"excerpt":{"rendered":"<p>Lack f\u00fcr sehr sparsame Metalle mit guten Beschichtungs- und Verlaufseigenschaften<\/p>\n","protected":false},"featured_media":24436,"template":"","meta":{"om_disable_all_campaigns":false,"_monsterinsights_skip_tracking":false,"_monsterinsights_sitenote_active":false,"_monsterinsights_sitenote_note":"","_monsterinsights_sitenote_category":0},"class_list":["post-24014","product","type-product","status-publish","has-post-thumbnail","hentry","product_cat-metal-paints","product_cat-paints-for-metals"],"aioseo_notices":[],"_links":{"self":[{"href":"https:\/\/deutschcolor.com\/de\/wp-json\/wp\/v2\/product\/24014","targetHints":{"allow":["GET"]}}],"collection":[{"href":"https:\/\/deutschcolor.com\/de\/wp-json\/wp\/v2\/product"}],"about":[{"href":"https:\/\/deutschcolor.com\/de\/wp-json\/wp\/v2\/types\/product"}],"wp:featuredmedia":[{"embeddable":true,"href":"https:\/\/deutschcolor.com\/de\/wp-json\/wp\/v2\/media\/24436"}],"wp:attachment":[{"href":"https:\/\/deutschcolor.com\/de\/wp-json\/wp\/v2\/media?parent=24014"}],"curies":[{"name":"wp","href":"https:\/\/api.w.org\/{rel}","templated":true}]}}