{"id":24023,"date":"2019-04-22T14:51:01","date_gmt":"2019-04-22T14:51:01","guid":{"rendered":"https:\/\/deutschcolor.com\/de\/?post_type=product&#038;p=24023"},"modified":"2020-01-06T09:33:47","modified_gmt":"2020-01-06T09:33:47","slug":"metal-accent-silver","status":"publish","type":"product","link":"https:\/\/deutschcolor.com\/de\/product\/metal-accent-silver\/","title":{"rendered":"Metal Accent Silver"},"content":{"rendered":"<p><strong>Produkteigenschaften<\/strong><br \/>\n\u2022 Bleifrei und chromfrei<br \/>\n\u2022 Enth\u00e4lt Metallpigmente<br \/>\n\u2022 Perfekter Korrosionsschutz<br \/>\n\u2022 Sehr starke Haftung und schnelles Trocknen<br \/>\n\u2022 Best\u00e4ndig gegen hohe Temperaturen (bis zu 200 \u00b0 C)<\/p>\n<p><strong>Anwendungsempfehlungen<\/strong><br \/>\nEs wird empfohlen, alle Metalloberfl\u00e4chen, die f\u00fcr den Innen- und Au\u00dfenbereich bei hohen Temperaturen vorgesehen sind, mit Farbe zu versehen. Es wird zum Streichen von Metallstrukturen wie Schornsteinen, \u00d6fen usw. verwendet.<\/p>\n<p>###<\/p>\n<p><strong>Lagerung und Haltbarkeit <\/strong><br \/>\n36 Monate bei versiegelter Verpackung und unter normalen Bedingungen.<\/p>\n<p><strong>Hinweise<\/strong><br \/>\nEs wird empfohlen, die Anwendung des Produkts bei Temperaturen unter 5 \u00b0 C zu vermeiden.<\/p>\n<p><strong>Verpackung<\/strong><br \/>\nDosen 0,180 lt<\/p>\n","protected":false},"excerpt":{"rendered":"<p>Aluminiumfarbige Folie f\u00fcr hochtemperaturbest\u00e4ndige Rohrlackierung<\/p>\n","protected":false},"featured_media":24439,"template":"","meta":{"om_disable_all_campaigns":false,"_monsterinsights_skip_tracking":false,"_monsterinsights_sitenote_active":false,"_monsterinsights_sitenote_note":"","_monsterinsights_sitenote_category":0},"class_list":["post-24023","product","type-product","status-publish","has-post-thumbnail","hentry","product_cat-metal-paints","product_cat-paints-for-metals"],"aioseo_notices":[],"_links":{"self":[{"href":"https:\/\/deutschcolor.com\/de\/wp-json\/wp\/v2\/product\/24023","targetHints":{"allow":["GET"]}}],"collection":[{"href":"https:\/\/deutschcolor.com\/de\/wp-json\/wp\/v2\/product"}],"about":[{"href":"https:\/\/deutschcolor.com\/de\/wp-json\/wp\/v2\/types\/product"}],"wp:featuredmedia":[{"embeddable":true,"href":"https:\/\/deutschcolor.com\/de\/wp-json\/wp\/v2\/media\/24439"}],"wp:attachment":[{"href":"https:\/\/deutschcolor.com\/de\/wp-json\/wp\/v2\/media?parent=24023"}],"curies":[{"name":"wp","href":"https:\/\/api.w.org\/{rel}","templated":true}]}}