{"id":24035,"date":"2019-04-22T14:57:00","date_gmt":"2019-04-22T14:57:00","guid":{"rendered":"https:\/\/deutschcolor.com\/de\/?post_type=product&#038;p=24035"},"modified":"2020-01-06T09:38:17","modified_gmt":"2020-01-06T09:38:17","slug":"auto-farbe-1k","status":"publish","type":"product","link":"https:\/\/deutschcolor.com\/de\/product\/auto-farbe-1k\/","title":{"rendered":"Auto Farbe 1K"},"content":{"rendered":"<p><strong>Produkteigenschaften<\/strong><br \/>\n\u2022 Hohe Haltbarkeit<br \/>\n\u2022 Anwendung auf Metalloberfl\u00e4chen<br \/>\n\u2022 Gute Deck- und Schutzwirkung<br \/>\n\u2022 Weichheit, um Kratzer zu vermeiden<br \/>\n\u2022 Best\u00e4ndigkeit gegen Witterungseinfl\u00fcsse<\/p>\n<p><strong>Anwendungsempfehlungen<\/strong><br \/>\nEs wird empfohlen, haupts\u00e4chlich in der Automobilindustrie zum Lackieren von Stra\u00dfenfahrzeugen, PKWs, LKWs, Motorr\u00e4dern usw. verwendet zu werden.<\/p>\n<p>###<\/p>\n<p><strong>Lagerung und Haltbarkeit <\/strong><br \/>\n36 Monate bei versiegelter Verpackung und unter normalen Bedingungen.<\/p>\n<p><strong>Hinweise<\/strong><br \/>\nEs wird empfohlen, die Anwendung des Produkts bei Temperaturen unter 5 \u00b0 C zu vermeiden.<\/p>\n<p><strong>Verpackung<\/strong><br \/>\n0,75 l Dosen<\/p>\n","protected":false},"excerpt":{"rendered":"<p>Einkomponentige Epoxidfarbe f\u00fcr metallische Oberfl\u00e4chen<\/p>\n","protected":false},"featured_media":24443,"template":"","meta":{"om_disable_all_campaigns":false,"_monsterinsights_skip_tracking":false,"_monsterinsights_sitenote_active":false,"_monsterinsights_sitenote_note":"","_monsterinsights_sitenote_category":0},"class_list":["post-24035","product","type-product","status-publish","has-post-thumbnail","hentry","product_cat-metal-paints","product_cat-paints-for-metals"],"aioseo_notices":[],"_links":{"self":[{"href":"https:\/\/deutschcolor.com\/de\/wp-json\/wp\/v2\/product\/24035","targetHints":{"allow":["GET"]}}],"collection":[{"href":"https:\/\/deutschcolor.com\/de\/wp-json\/wp\/v2\/product"}],"about":[{"href":"https:\/\/deutschcolor.com\/de\/wp-json\/wp\/v2\/types\/product"}],"wp:featuredmedia":[{"embeddable":true,"href":"https:\/\/deutschcolor.com\/de\/wp-json\/wp\/v2\/media\/24443"}],"wp:attachment":[{"href":"https:\/\/deutschcolor.com\/de\/wp-json\/wp\/v2\/media?parent=24035"}],"curies":[{"name":"wp","href":"https:\/\/api.w.org\/{rel}","templated":true}]}}