{"id":24050,"date":"2019-04-22T15:05:03","date_gmt":"2019-04-22T15:05:03","guid":{"rendered":"https:\/\/deutschcolor.com\/de\/?post_type=product&#038;p=24050"},"modified":"2020-01-06T11:04:27","modified_gmt":"2020-01-06T11:04:27","slug":"600oc-plus","status":"publish","type":"product","link":"https:\/\/deutschcolor.com\/de\/product\/600oc-plus\/","title":{"rendered":"600\u02daC Plus"},"content":{"rendered":"<p><strong>Produkteigenschaften<\/strong><br \/>\n\u2022 Starkes Kleben<br \/>\n\u2022 Erh\u00e4ltlich in 20 Farben<br \/>\n\u2022 Sehr starke Beschichtung<br \/>\n\u2022 Hohe Temperaturbest\u00e4ndigkeit bis 600\u00b0C<\/p>\n<p><strong>Anwendungsempfehlungen<\/strong><br \/>\nGeeignet f\u00fcr Metalloberfl\u00e4chen wie \u00d6fen, Schornsteine, Fu\u00dfmatten und f\u00fcr industrielle Anwendungen, bei denen eine hohe Temperaturbest\u00e4ndigkeit erforderlich ist.<\/p>\n<p>###<\/p>\n<p><strong>Lagerung und Haltbarkeit <\/strong><br \/>\n36 Monate bei versiegelter Verpackung und unter normalen Bedingungen.<\/p>\n<p><strong>Hinweise<\/strong><br \/>\n\u2022 Es wird empfohlen, die Anwendung des Produkts bei Temperaturen unter 5 \u00b0 C zu vermeiden.<br \/>\n\u2022 Das Produkt wird ohne Liner aufgetragen.<\/p>\n<p><strong>Verpackung<\/strong><br \/>\n0,75 l \/ 3 l-Dosen.<\/p>\n","protected":false},"excerpt":{"rendered":"<p>Metalliclack hochtemperaturbest\u00e4ndig<\/p>\n","protected":false},"featured_media":24447,"template":"","meta":{"om_disable_all_campaigns":false,"_monsterinsights_skip_tracking":false,"_monsterinsights_sitenote_active":false,"_monsterinsights_sitenote_note":"","_monsterinsights_sitenote_category":0},"class_list":["post-24050","product","type-product","status-publish","has-post-thumbnail","hentry","product_cat-metal-paints","product_cat-paints-for-metals"],"aioseo_notices":[],"_links":{"self":[{"href":"https:\/\/deutschcolor.com\/de\/wp-json\/wp\/v2\/product\/24050","targetHints":{"allow":["GET"]}}],"collection":[{"href":"https:\/\/deutschcolor.com\/de\/wp-json\/wp\/v2\/product"}],"about":[{"href":"https:\/\/deutschcolor.com\/de\/wp-json\/wp\/v2\/types\/product"}],"wp:featuredmedia":[{"embeddable":true,"href":"https:\/\/deutschcolor.com\/de\/wp-json\/wp\/v2\/media\/24447"}],"wp:attachment":[{"href":"https:\/\/deutschcolor.com\/de\/wp-json\/wp\/v2\/media?parent=24050"}],"curies":[{"name":"wp","href":"https:\/\/api.w.org\/{rel}","templated":true}]}}