{"id":24070,"date":"2019-04-22T20:10:28","date_gmt":"2019-04-22T20:10:28","guid":{"rendered":"https:\/\/deutschcolor.com\/de\/?post_type=product&#038;p=24070"},"modified":"2020-01-06T11:09:15","modified_gmt":"2020-01-06T11:09:15","slug":"holz-lasur","status":"publish","type":"product","link":"https:\/\/deutschcolor.com\/de\/product\/holz-lasur\/","title":{"rendered":"Holz Lasur"},"content":{"rendered":"<p><strong>EIGENSCHAFTEN<\/strong><br \/>\n\u2022 Bleifrei und chromfrei<br \/>\n\u2022 Erh\u00e4ltlich in 20 Farben<br \/>\n\u2022 Sehr starke Haftung und schnelles Trocknen<br \/>\n\u2022 Sch\u00fctzt und bietet einen sch\u00f6nen Blick auf das Holz<br \/>\n\u2022 Lang anhaltende Farben<br \/>\n\u2022 Elastisch und best\u00e4ndig gegen Risse, Erh\u00f6hungen und Risse<br \/>\n\u2022 Es dringt in das Holz ein und sch\u00fctzt es vor Pilzen, blauen Flecken und Motten<\/p>\n<p><strong>Anwendungsempfehlungen<\/strong><br \/>\nIdeal f\u00fcr Holzoberfl\u00e4chen wie T\u00fcren, Fenster, Rahmen, Schr\u00e4nke, Gartenm\u00f6bel, Unterst\u00e4nde, Traversen und Balken, Z\u00e4une usw.<\/p>\n<p>###<\/p>\n<p><strong>Lagerung und Haltbarkeit <\/strong><br \/>\n36 Monate bei versiegelter Verpackung und unter normalen Bedingungen.<\/p>\n<p><strong>Hinweise<\/strong><br \/>\nEs wird empfohlen, die Anwendung des Produkts bei Temperaturen unter 5 \u00b0 C zu vermeiden.<\/p>\n<p><strong>Verpackung<\/strong><br \/>\n0,75 l \/ 3 l-Dosen.<\/p>\n","protected":false},"excerpt":{"rendered":"<p>L\u00f6sungsmittelbasiertes Antimolis, das perfekten Schutz und Farbgebung f\u00fcr Holz im Innen- und Au\u00dfenbereich bietet<\/p>\n","protected":false},"featured_media":24452,"template":"","meta":{"om_disable_all_campaigns":false,"_monsterinsights_skip_tracking":false,"_monsterinsights_sitenote_active":false,"_monsterinsights_sitenote_note":"","_monsterinsights_sitenote_category":0},"class_list":["post-24070","product","type-product","status-publish","has-post-thumbnail","hentry","product_cat-products-suitable-for-wood","product_cat-wood-protection-products"],"aioseo_notices":[],"_links":{"self":[{"href":"https:\/\/deutschcolor.com\/de\/wp-json\/wp\/v2\/product\/24070","targetHints":{"allow":["GET"]}}],"collection":[{"href":"https:\/\/deutschcolor.com\/de\/wp-json\/wp\/v2\/product"}],"about":[{"href":"https:\/\/deutschcolor.com\/de\/wp-json\/wp\/v2\/types\/product"}],"wp:featuredmedia":[{"embeddable":true,"href":"https:\/\/deutschcolor.com\/de\/wp-json\/wp\/v2\/media\/24452"}],"wp:attachment":[{"href":"https:\/\/deutschcolor.com\/de\/wp-json\/wp\/v2\/media?parent=24070"}],"curies":[{"name":"wp","href":"https:\/\/api.w.org\/{rel}","templated":true}]}}