{"id":24081,"date":"2019-04-22T20:12:39","date_gmt":"2019-04-22T20:12:39","guid":{"rendered":"https:\/\/deutschcolor.com\/de\/?post_type=product&#038;p=24081"},"modified":"2020-01-06T11:10:56","modified_gmt":"2020-01-06T11:10:56","slug":"termidol","status":"publish","type":"product","link":"https:\/\/deutschcolor.com\/de\/product\/termidol\/","title":{"rendered":"Termidol"},"content":{"rendered":"<p><strong>EIGENSCHAFTEN<\/strong><br \/>\n\u2022 Unsch\u00e4dlich f\u00fcr die Umwelt<br \/>\n\u2022 Schutz f\u00fcr Bauholz<br \/>\n\u2022 Langzeitschutz gegen Schimmel und blaue Flecken<br \/>\n\u2022 Gute F\u00e4higkeiten, um das Eindringen von Wasser zu verhindern<br \/>\n\u2022 Langzeitschutz gegen Mikroorganismen und Insekten<br \/>\n\u2022 F\u00fcr den industriellen Gebrauch durch Impr\u00e4gnieren oder Einweichen<br \/>\n\u2022 Durch eine Micron-Technologieformel f\u00fcr tiefes Eindringen gekennzeichnet<\/p>\n<p><strong>Anwendungsempfehlungen<\/strong><br \/>\nEs wird als Schutz f\u00fcr Bauholz im Innen- und Au\u00dfenbereich wie Fliesen, Decken, M\u00f6bel, Z\u00e4une, D\u00e4cher, Pergolen usw. verwendet. Zum Schutz von MDFs, Sperrholz und anderen Holzprodukten f\u00fcr den Bau von Fenstern, T\u00fcren, Holzrahmen und allen Holzkonstruktionen.<\/p>\n<p>###<\/p>\n<p><strong>Lagerung und Haltbarkeit <\/strong><br \/>\n36 Monate bei versiegelter Verpackung und unter normalen Bedingungen.<\/p>\n<p><strong>Hinweise<\/strong><br \/>\nEs wird empfohlen, die Anwendung des Produkts bei Temperaturen unter 5 \u00b0 C zu vermeiden.<\/p>\n<p><strong>Verpackung<\/strong><br \/>\nPlastikflasche 10lt<\/p>\n","protected":false},"excerpt":{"rendered":"<p>Industrielles, hochkonzentriertes Antimol auf Wasserbasis<\/p>\n","protected":false},"featured_media":24453,"template":"","meta":{"om_disable_all_campaigns":false,"_monsterinsights_skip_tracking":false,"_monsterinsights_sitenote_active":false,"_monsterinsights_sitenote_note":"","_monsterinsights_sitenote_category":0},"class_list":["post-24081","product","type-product","status-publish","has-post-thumbnail","hentry","product_cat-products-suitable-for-wood","product_cat-wood-protection-products"],"aioseo_notices":[],"_links":{"self":[{"href":"https:\/\/deutschcolor.com\/de\/wp-json\/wp\/v2\/product\/24081","targetHints":{"allow":["GET"]}}],"collection":[{"href":"https:\/\/deutschcolor.com\/de\/wp-json\/wp\/v2\/product"}],"about":[{"href":"https:\/\/deutschcolor.com\/de\/wp-json\/wp\/v2\/types\/product"}],"wp:featuredmedia":[{"embeddable":true,"href":"https:\/\/deutschcolor.com\/de\/wp-json\/wp\/v2\/media\/24453"}],"wp:attachment":[{"href":"https:\/\/deutschcolor.com\/de\/wp-json\/wp\/v2\/media?parent=24081"}],"curies":[{"name":"wp","href":"https:\/\/api.w.org\/{rel}","templated":true}]}}