{"id":24083,"date":"2019-04-22T20:15:33","date_gmt":"2019-04-22T20:15:33","guid":{"rendered":"https:\/\/deutschcolor.com\/de\/?post_type=product&#038;p=24083"},"modified":"2020-01-06T11:08:31","modified_gmt":"2020-01-06T11:08:31","slug":"holzzid","status":"publish","type":"product","link":"https:\/\/deutschcolor.com\/de\/product\/holzzid\/","title":{"rendered":"HolzZid"},"content":{"rendered":"<p><strong>EIGENSCHAFTEN<\/strong><br \/>\n\u2022 Einfache Anwendung<br \/>\n\u2022 Lila<br \/>\n\u2022 Tiefes Eindringen<br \/>\n\u2022 Neue und unlackierte Holzoberfl\u00e4chen<br \/>\n\u2022 Interne und externe Holzoberfl\u00e4chen<br \/>\n\u2022 Es dringt in das Holz ein und sch\u00fctzt es vor Pilzen, blauen Flecken und Schimmel<\/p>\n<p><strong>Anwendungsempfehlungen<\/strong><br \/>\nIdeal f\u00fcr Holzoberfl\u00e4chen wie T\u00fcren, Fenster, Rahmen, Schr\u00e4nke, Gartenm\u00f6bel, Unterst\u00e4nde, Traversen und Balken, Z\u00e4une usw.<\/p>\n<p>###<\/p>\n<p><strong>HALTBARKEIT UND LAGERUNG<\/strong><br \/>\n36 Monate bei versiegelter Verpackung und unter normalen Bedingungen.<\/p>\n<p><strong>HINWEISE<\/strong><br \/>\nEs wird empfohlen, die Anwendung des Produkts bei Temperaturen unter 5 \u00b0 C zu vermeiden.<\/p>\n<p><strong>Verpackung<\/strong><br \/>\nKunststoffdeckel 1lt<\/p>\n","protected":false},"excerpt":{"rendered":"<p>Antimolis auf Wasserbasis, das perfekten Holzschutz f\u00fcr den Innen- und Au\u00dfenbereich bietet<\/p>\n","protected":false},"featured_media":24454,"template":"","meta":{"om_disable_all_campaigns":false,"_monsterinsights_skip_tracking":false,"_monsterinsights_sitenote_active":false,"_monsterinsights_sitenote_note":"","_monsterinsights_sitenote_category":0},"class_list":["post-24083","product","type-product","status-publish","has-post-thumbnail","hentry","product_cat-products-suitable-for-wood","product_cat-wood-protection-products"],"aioseo_notices":[],"_links":{"self":[{"href":"https:\/\/deutschcolor.com\/de\/wp-json\/wp\/v2\/product\/24083","targetHints":{"allow":["GET"]}}],"collection":[{"href":"https:\/\/deutschcolor.com\/de\/wp-json\/wp\/v2\/product"}],"about":[{"href":"https:\/\/deutschcolor.com\/de\/wp-json\/wp\/v2\/types\/product"}],"wp:featuredmedia":[{"embeddable":true,"href":"https:\/\/deutschcolor.com\/de\/wp-json\/wp\/v2\/media\/24454"}],"wp:attachment":[{"href":"https:\/\/deutschcolor.com\/de\/wp-json\/wp\/v2\/media?parent=24083"}],"curies":[{"name":"wp","href":"https:\/\/api.w.org\/{rel}","templated":true}]}}