{"id":24086,"date":"2019-04-22T20:16:57","date_gmt":"2019-04-22T20:16:57","guid":{"rendered":"https:\/\/deutschcolor.com\/de\/?post_type=product&#038;p=24086"},"modified":"2020-01-06T11:11:45","modified_gmt":"2020-01-06T11:11:45","slug":"holz-protekt-w20","status":"publish","type":"product","link":"https:\/\/deutschcolor.com\/de\/product\/holz-protekt-w20\/","title":{"rendered":"Holz Protekt W20"},"content":{"rendered":"<p><strong>Produkteigenschaften<\/strong><br \/>\n\u2022 Kein Geruch<br \/>\n\u2022 Tiefes Eindringen<br \/>\n\u2022 Neue und unlackierte Holzoberfl\u00e4chen<br \/>\n\u2022 Interne und externe Holzoberfl\u00e4chen<br \/>\n\u2022 Perfekter Schutz gegen Pilze und Holzw\u00fcrmer<\/p>\n<p><strong>Anwendungsempfehlungen<\/strong><br \/>\nIdeal f\u00fcr Holzoberfl\u00e4chen wie T\u00fcren, Fenster, Rahmen, Schr\u00e4nke, Gartenm\u00f6bel, Unterst\u00e4nde, Traversen und Balken, Z\u00e4une usw.<\/p>\n<p>###<\/p>\n<p><strong>Lagerung und Haltbarkeit <\/strong><br \/>\n36 Monate bei versiegelter Verpackung und unter normalen Bedingungen.<\/p>\n<p><strong>Hinweise<\/strong><br \/>\nEs wird empfohlen, die Anwendung des Produkts bei Temperaturen unter 5 \u00b0 C zu vermeiden.<\/p>\n<p><strong>Verpackung<\/strong><br \/>\n0,75 l Dosen.<\/p>\n","protected":false},"excerpt":{"rendered":"<p>Antimol auf Wasserbasis zum Schutz und zur Einf\u00e4rbung von Holzoberfl\u00e4chen f\u00fcr den Innen- und Au\u00dfenbereich<\/p>\n","protected":false},"featured_media":24455,"template":"","meta":{"om_disable_all_campaigns":false,"_monsterinsights_skip_tracking":false,"_monsterinsights_sitenote_active":false,"_monsterinsights_sitenote_note":"","_monsterinsights_sitenote_category":0},"class_list":["post-24086","product","type-product","status-publish","has-post-thumbnail","hentry","product_cat-products-suitable-for-wood","product_cat-wood-protection-products"],"aioseo_notices":[],"_links":{"self":[{"href":"https:\/\/deutschcolor.com\/de\/wp-json\/wp\/v2\/product\/24086","targetHints":{"allow":["GET"]}}],"collection":[{"href":"https:\/\/deutschcolor.com\/de\/wp-json\/wp\/v2\/product"}],"about":[{"href":"https:\/\/deutschcolor.com\/de\/wp-json\/wp\/v2\/types\/product"}],"wp:featuredmedia":[{"embeddable":true,"href":"https:\/\/deutschcolor.com\/de\/wp-json\/wp\/v2\/media\/24455"}],"wp:attachment":[{"href":"https:\/\/deutschcolor.com\/de\/wp-json\/wp\/v2\/media?parent=24086"}],"curies":[{"name":"wp","href":"https:\/\/api.w.org\/{rel}","templated":true}]}}