{"id":24088,"date":"2019-04-22T20:18:31","date_gmt":"2019-04-22T20:18:31","guid":{"rendered":"https:\/\/deutschcolor.com\/de\/?post_type=product&#038;p=24088"},"modified":"2020-01-06T11:12:33","modified_gmt":"2020-01-06T11:12:33","slug":"eems-w30-gloss","status":"publish","type":"product","link":"https:\/\/deutschcolor.com\/de\/product\/eems-w30-gloss\/","title":{"rendered":"Eems W30 Gloss"},"content":{"rendered":"<p><strong>EIGENSCHAFTEN<\/strong><br \/>\n\u2022 UV-Schutz<br \/>\n\u2022 Hohe Flexibilit\u00e4t<br \/>\n\u2022 Mit Glanzeffekt<br \/>\n\u2022 Wasserbest\u00e4ndigkeit und gute Haltbarkeit<br \/>\n\u2022 Interne und externe Holzoberfl\u00e4chen<\/p>\n<p><strong>Anwendungsempfehlungen<\/strong><br \/>\nIdeal f\u00fcr Holzoberfl\u00e4chen wie T\u00fcren, Fenster, Rahmen, Schr\u00e4nke, Gartenm\u00f6bel, Unterst\u00e4nde, Balken und Balken, Z\u00e4une usw.<\/p>\n<p>###<\/p>\n<p><strong>Lagerung und Haltbarkeit <\/strong><br \/>\n36 Monate bei versiegelter Verpackung und unter normalen Bedingungen.<\/p>\n<p><strong>Hinweise<\/strong><br \/>\nEs wird empfohlen, die Anwendung des Produkts bei Temperaturen unter 5 \u00b0 C zu vermeiden.<\/p>\n<p><strong>Verpackung<\/strong><br \/>\n0,75 l Dosen<\/p>\n","protected":false},"excerpt":{"rendered":"<p>Holzlack auf Wasserbasis, der eine gl\u00e4nzende Oberfl\u00e4che f\u00fcr den Au\u00dfen- und Innenbereich bietet<\/p>\n","protected":false},"featured_media":24456,"template":"","meta":{"om_disable_all_campaigns":false,"_monsterinsights_skip_tracking":false,"_monsterinsights_sitenote_active":false,"_monsterinsights_sitenote_note":"","_monsterinsights_sitenote_category":0},"class_list":["post-24088","product","type-product","status-publish","has-post-thumbnail","hentry","product_cat-products-suitable-for-wood","product_cat-wood-protection-products"],"aioseo_notices":[],"_links":{"self":[{"href":"https:\/\/deutschcolor.com\/de\/wp-json\/wp\/v2\/product\/24088","targetHints":{"allow":["GET"]}}],"collection":[{"href":"https:\/\/deutschcolor.com\/de\/wp-json\/wp\/v2\/product"}],"about":[{"href":"https:\/\/deutschcolor.com\/de\/wp-json\/wp\/v2\/types\/product"}],"wp:featuredmedia":[{"embeddable":true,"href":"https:\/\/deutschcolor.com\/de\/wp-json\/wp\/v2\/media\/24456"}],"wp:attachment":[{"href":"https:\/\/deutschcolor.com\/de\/wp-json\/wp\/v2\/media?parent=24088"}],"curies":[{"name":"wp","href":"https:\/\/api.w.org\/{rel}","templated":true}]}}