{"id":24092,"date":"2019-04-22T20:21:58","date_gmt":"2019-04-22T20:21:58","guid":{"rendered":"https:\/\/deutschcolor.com\/de\/?post_type=product&#038;p=24092"},"modified":"2020-01-06T11:13:49","modified_gmt":"2020-01-06T11:13:49","slug":"holz-kitt","status":"publish","type":"product","link":"https:\/\/deutschcolor.com\/de\/product\/holz-kitt\/","title":{"rendered":"Holz Kitt"},"content":{"rendered":"<p><strong>Produkteigenschaften<\/strong><br \/>\n\u2022 In 17 Farben erh\u00e4ltlich<br \/>\n\u2022 Starke Haftung und kein Schrumpfen<br \/>\n\u2022 Verf\u00e4rbt die Oberfl\u00e4che des Holzes nicht<br \/>\n\u2022 Trocknet schnell und ist feuchtigkeitsbest\u00e4ndig<br \/>\n\u2022 Erzeugt eine feste, dauerhafte und glatte Oberfl\u00e4che<\/p>\n<p><strong>Anwendungsempfehlungen<\/strong><br \/>\nGeeignet zum F\u00fcllen und Abdecken von Fehlern in der Oberfl\u00e4chenschicht. Schlie\u00dft Zwischenr\u00e4ume und Fugen auf Melanin- und Holzb\u00f6den, lackierten Oberfl\u00e4chen, Sperrholz und Formica, MDF usw.<\/p>\n<p>###<\/p>\n<p><strong>Lagerung und Haltbarkeit<\/strong><br \/>\n36 Monate bei versiegelter Verpackung und unter normalen Bedingungen.<\/p>\n<p><strong>Hinweise<\/strong><br \/>\nEs wird empfohlen, die Anwendung des Produkts bei Temperaturen unter 5 \u00b0 C zu vermeiden.<\/p>\n<p><strong>Verpackung<\/strong><br \/>\nPlastikeimer 0,2 kg.<\/p>\n","protected":false},"excerpt":{"rendered":"<p>Acryl wasserabweisender Kitt auf Holzbasis<\/p>\n","protected":false},"featured_media":24458,"template":"","meta":{"om_disable_all_campaigns":false,"_monsterinsights_skip_tracking":false,"_monsterinsights_sitenote_active":false,"_monsterinsights_sitenote_note":"","_monsterinsights_sitenote_category":0},"class_list":["post-24092","product","type-product","status-publish","has-post-thumbnail","hentry","product_cat-products-suitable-for-wood","product_cat-wood-protection-products"],"aioseo_notices":[],"_links":{"self":[{"href":"https:\/\/deutschcolor.com\/de\/wp-json\/wp\/v2\/product\/24092","targetHints":{"allow":["GET"]}}],"collection":[{"href":"https:\/\/deutschcolor.com\/de\/wp-json\/wp\/v2\/product"}],"about":[{"href":"https:\/\/deutschcolor.com\/de\/wp-json\/wp\/v2\/types\/product"}],"wp:featuredmedia":[{"embeddable":true,"href":"https:\/\/deutschcolor.com\/de\/wp-json\/wp\/v2\/media\/24458"}],"wp:attachment":[{"href":"https:\/\/deutschcolor.com\/de\/wp-json\/wp\/v2\/media?parent=24092"}],"curies":[{"name":"wp","href":"https:\/\/api.w.org\/{rel}","templated":true}]}}