{"id":24098,"date":"2019-04-22T20:25:33","date_gmt":"2019-04-22T20:25:33","guid":{"rendered":"https:\/\/deutschcolor.com\/de\/?post_type=product&#038;p=24098"},"modified":"2020-01-06T11:15:39","modified_gmt":"2020-01-06T11:15:39","slug":"faust-primer","status":"publish","type":"product","link":"https:\/\/deutschcolor.com\/de\/product\/faust-primer\/","title":{"rendered":"Faust Primer"},"content":{"rendered":"<p><strong>Eigenschaften<\/strong><br \/>\n\u2022 Leichter Abrieb<br \/>\n\u2022 Hervorragende Abdeckung<br \/>\n\u2022 Sehr gute Verarbeitbarkeit und Nivellierung<br \/>\n\u2022 Sehr starke Haftung und schnelles Trocknen<br \/>\n\u2022 Ideale Oberfl\u00e4che f\u00fcr Faust Lack GL und SN<\/p>\n<p><strong>Anwendungsempfehlungen<\/strong><br \/>\nEs wird empfohlen, auf allen Holzoberfl\u00e4chen, die f\u00fcr den Innen- und Au\u00dfenbereich vorgesehen sind, als Unterlage zu verwenden. Wird als Unterlage auf Holzoberfl\u00e4chen verwendet, bevor es mit Farbe beschichtet wird. Faust Lack GL und SN.<\/p>\n<p>###<\/p>\n<p><strong>Lagerung und Haltbarkeit<\/strong><br \/>\n36 Monate bei versiegelter Verpackung und unter normalen Bedingungen.<\/p>\n<p><strong>Hinweise<\/strong><br \/>\nEs wird empfohlen, die Anwendung des Produkts bei Temperaturen unter 5 \u00b0 C zu vermeiden.<\/p>\n<p><strong>Verpackung<\/strong><br \/>\n0,75 l Dosen.<\/p>\n","protected":false},"excerpt":{"rendered":"<p>Hochwertiger Holzliner zum F\u00fcllen von Holzporen auf Wasserbasis<\/p>\n","protected":false},"featured_media":24460,"template":"","meta":{"om_disable_all_campaigns":false,"_monsterinsights_skip_tracking":false,"_monsterinsights_sitenote_active":false,"_monsterinsights_sitenote_note":"","_monsterinsights_sitenote_category":0},"class_list":["post-24098","product","type-product","status-publish","has-post-thumbnail","hentry","product_cat-products-suitable-for-wood","product_cat-primer-products-suitable-for-wood"],"aioseo_notices":[],"_links":{"self":[{"href":"https:\/\/deutschcolor.com\/de\/wp-json\/wp\/v2\/product\/24098","targetHints":{"allow":["GET"]}}],"collection":[{"href":"https:\/\/deutschcolor.com\/de\/wp-json\/wp\/v2\/product"}],"about":[{"href":"https:\/\/deutschcolor.com\/de\/wp-json\/wp\/v2\/types\/product"}],"wp:featuredmedia":[{"embeddable":true,"href":"https:\/\/deutschcolor.com\/de\/wp-json\/wp\/v2\/media\/24460"}],"wp:attachment":[{"href":"https:\/\/deutschcolor.com\/de\/wp-json\/wp\/v2\/media?parent=24098"}],"curies":[{"name":"wp","href":"https:\/\/api.w.org\/{rel}","templated":true}]}}