{"id":24100,"date":"2019-04-22T20:28:22","date_gmt":"2019-04-22T20:28:22","guid":{"rendered":"https:\/\/deutschcolor.com\/de\/?post_type=product&#038;p=24100"},"modified":"2020-01-06T11:17:08","modified_gmt":"2020-01-06T11:17:08","slug":"wood-colors","status":"publish","type":"product","link":"https:\/\/deutschcolor.com\/de\/product\/wood-colors\/","title":{"rendered":"Wood Colors"},"content":{"rendered":"<p><strong>Produkteigenschaften<\/strong><br \/>\n\u2022 Geruchsarm<br \/>\n\u2022 Gute Deckungsf\u00e4higkeiten<br \/>\n\u2022 Stabilit\u00e4t auf h\u00f6chstem Niveau<br \/>\n\u2022 Relativ hohe Kratzfestigkeit<br \/>\n\u2022 Hohe Best\u00e4ndigkeit gegen Witterungseinfl\u00fcsse<br \/>\n\u2022 Pigmente, die tief in die Holzoberfl\u00e4che eindringen<br \/>\n\u2022 Klebstoffe und relativ kurze Trocknungszeit<\/p>\n<p><strong>Anwendungsempfehlungen<\/strong><br \/>\nDieses Produkt ist ideal f\u00fcr die Verwendung in Innenr\u00e4umen in allen Holzprodukten, einschlie\u00dflich M\u00f6beln, Schr\u00e4nken, T\u00fcren, Fu\u00dfb\u00f6den und verschiedenen Beschichtungen dieser Produkte.<\/p>\n<p>###<\/p>\n<p><strong>Lagerung und Haltbarkeit<\/strong><br \/>\n36 Monate bei versiegelter Verpackung und unter normalen Bedingungen.<\/p>\n<p><strong>Hinweise<\/strong><br \/>\nEs wird empfohlen, die Anwendung des Produkts bei Temperaturen unter 5 \u00b0 C zu vermeiden.<\/p>\n<p><strong>Verpackung<\/strong><br \/>\nPlastikflasche 1lt<\/p>\n","protected":false},"excerpt":{"rendered":"<p>Aquarell<\/p>\n","protected":false},"featured_media":24461,"template":"","meta":{"om_disable_all_campaigns":false,"_monsterinsights_skip_tracking":false,"_monsterinsights_sitenote_active":false,"_monsterinsights_sitenote_note":"","_monsterinsights_sitenote_category":0},"class_list":["post-24100","product","type-product","status-publish","has-post-thumbnail","hentry","product_cat-products-suitable-for-wood","product_cat-wood-paints"],"aioseo_notices":[],"_links":{"self":[{"href":"https:\/\/deutschcolor.com\/de\/wp-json\/wp\/v2\/product\/24100","targetHints":{"allow":["GET"]}}],"collection":[{"href":"https:\/\/deutschcolor.com\/de\/wp-json\/wp\/v2\/product"}],"about":[{"href":"https:\/\/deutschcolor.com\/de\/wp-json\/wp\/v2\/types\/product"}],"wp:featuredmedia":[{"embeddable":true,"href":"https:\/\/deutschcolor.com\/de\/wp-json\/wp\/v2\/media\/24461"}],"wp:attachment":[{"href":"https:\/\/deutschcolor.com\/de\/wp-json\/wp\/v2\/media?parent=24100"}],"curies":[{"name":"wp","href":"https:\/\/api.w.org\/{rel}","templated":true}]}}