{"id":24118,"date":"2019-05-16T15:42:44","date_gmt":"2019-05-16T15:42:44","guid":{"rendered":"https:\/\/deutschcolor.com\/de\/?post_type=product&#038;p=24118"},"modified":"2020-01-06T11:22:55","modified_gmt":"2020-01-06T11:22:55","slug":"bond-g33","status":"publish","type":"product","link":"https:\/\/deutschcolor.com\/de\/product\/bond-g33\/","title":{"rendered":"Bond G33"},"content":{"rendered":"<p><strong>Produkteigenschaften<\/strong><br \/>\n\u2022 Starkes Kleben<br \/>\n\u2022 Hohe Viskosit\u00e4t<br \/>\n\u2022 Gute Elastizit\u00e4t<br \/>\n\u2022 Transparente Folie<br \/>\n\u2022 Schnelle Trocknungszeit<br \/>\n\u2022 Hohe Wasserbest\u00e4ndigkeit<\/p>\n<p><strong>Anwendungsempfehlungen<\/strong><br \/>\nEs wird zum Kleben von Holzmaterialien wie St\u00fchlen, Tischen, T\u00fcrrahmen und Fenstern verwendet und wird haupts\u00e4chlich zum Kleben von Trommeln verwendet.<\/p>\n<p>###<br \/>\n<strong>Ersparnis und Lebensdauer<\/strong><br \/>\n36 Monate bei versiegelter Verpackung und unter normalen Bedingungen.<\/p>\n<p><strong>Hinweise<\/strong><br \/>\nEs wird empfohlen, die Anwendung des Produkts bei Temperaturen unter 5 \u00b0 C zu vermeiden.<\/p>\n<p><strong>Verpackung<\/strong><br \/>\nPlastikeimer 1Kg \/ 3Kg \/ 10Kg \/ 25Kg<\/p>\n","protected":false},"excerpt":{"rendered":"<p>Transparenter Klebestoff zur Verklebung von Holz und MDF mit hoher mechanischer Festigkeit<\/p>\n","protected":false},"featured_media":24467,"template":"","meta":{"om_disable_all_campaigns":false,"_monsterinsights_skip_tracking":false,"_monsterinsights_sitenote_active":false,"_monsterinsights_sitenote_note":"","_monsterinsights_sitenote_category":0},"class_list":["post-24118","product","type-product","status-publish","has-post-thumbnail","hentry","product_cat-products-suitable-for-wood","product_cat-vinavile-for-wood"],"aioseo_notices":[],"_links":{"self":[{"href":"https:\/\/deutschcolor.com\/de\/wp-json\/wp\/v2\/product\/24118","targetHints":{"allow":["GET"]}}],"collection":[{"href":"https:\/\/deutschcolor.com\/de\/wp-json\/wp\/v2\/product"}],"about":[{"href":"https:\/\/deutschcolor.com\/de\/wp-json\/wp\/v2\/types\/product"}],"wp:featuredmedia":[{"embeddable":true,"href":"https:\/\/deutschcolor.com\/de\/wp-json\/wp\/v2\/media\/24467"}],"wp:attachment":[{"href":"https:\/\/deutschcolor.com\/de\/wp-json\/wp\/v2\/media?parent=24118"}],"curies":[{"name":"wp","href":"https:\/\/api.w.org\/{rel}","templated":true}]}}