{"id":24192,"date":"2019-05-16T16:07:45","date_gmt":"2019-05-16T16:07:45","guid":{"rendered":"https:\/\/deutschcolor.com\/de\/?post_type=product&#038;p=24192"},"modified":"2020-01-06T11:28:58","modified_gmt":"2020-01-06T11:28:58","slug":"bruck-460","status":"publish","type":"product","link":"https:\/\/deutschcolor.com\/de\/product\/bruck-460\/","title":{"rendered":"Bruck 460"},"content":{"rendered":"<p><strong>Eigenschaften<\/strong><br \/>\n\u2022 Leichter Geruch<br \/>\n\u2022 Perfekte Ausrichtung<br \/>\n\u2022 Sehr gute Deckelfunktionen<br \/>\n\u2022 Best\u00e4ndig gegen Vergilben und Kratzen<\/p>\n<p><strong>Anwendungsempfehlungen<\/strong><br \/>\nEs wird empfohlen, alle Holzoberfl\u00e4chen, die mit Einlagen f\u00fcr M\u00f6bel, T\u00fcren, Tische, St\u00fchle, verschiedene Holzgegenst\u00e4nde, Holzspielzeug usw. vorbehandelt sind, als Lack zu verwenden. Es kann nur auf Oberfl\u00e4chen aufgetragen werden, die mit einer Zweikomponenten-Polyurethan-Beschichtung versehen sind.<\/p>\n<p>###<\/p>\n<p><strong>Hinweise<\/strong><br \/>\nEs wird empfohlen, die Anwendung des Produkts bei Temperaturen unter 5 \u00b0 C und \u00fcber 30 \u00b0 C zu vermeiden.<\/p>\n<p><strong>Verbrauch<\/strong><br \/>\n200 g &#8211; 250 g \/ l<\/p>\n<p><strong>Verpackung<\/strong><br \/>\n4lt \/ 20lt Metalleimer<\/p>\n","protected":false},"excerpt":{"rendered":"<p>Transparenter Zweikomponenten-Polyurethanlack mit 60% Glanz<\/p>\n","protected":false},"featured_media":24475,"template":"","meta":{"om_disable_all_campaigns":false,"_monsterinsights_skip_tracking":false,"_monsterinsights_sitenote_active":false,"_monsterinsights_sitenote_note":"","_monsterinsights_sitenote_category":0},"class_list":["post-24192","product","type-product","status-publish","has-post-thumbnail","hentry","product_cat-polyurethane-based-products","product_cat-pints"],"aioseo_notices":[],"_links":{"self":[{"href":"https:\/\/deutschcolor.com\/de\/wp-json\/wp\/v2\/product\/24192","targetHints":{"allow":["GET"]}}],"collection":[{"href":"https:\/\/deutschcolor.com\/de\/wp-json\/wp\/v2\/product"}],"about":[{"href":"https:\/\/deutschcolor.com\/de\/wp-json\/wp\/v2\/types\/product"}],"wp:featuredmedia":[{"embeddable":true,"href":"https:\/\/deutschcolor.com\/de\/wp-json\/wp\/v2\/media\/24475"}],"wp:attachment":[{"href":"https:\/\/deutschcolor.com\/de\/wp-json\/wp\/v2\/media?parent=24192"}],"curies":[{"name":"wp","href":"https:\/\/api.w.org\/{rel}","templated":true}]}}