{"id":24207,"date":"2019-05-16T16:15:19","date_gmt":"2019-05-16T16:15:19","guid":{"rendered":"https:\/\/deutschcolor.com\/de\/?post_type=product&#038;p=24207"},"modified":"2020-01-06T11:32:15","modified_gmt":"2020-01-06T11:32:15","slug":"smart-200-a","status":"publish","type":"product","link":"https:\/\/deutschcolor.com\/de\/product\/smart-200-a\/","title":{"rendered":"Smart 200 A"},"content":{"rendered":"<p><strong>Eigenschaften<\/strong><br \/>\n\u2022 Leichter Geruch<br \/>\n\u2022 Einfache Anwendung<br \/>\n\u2022 Maximale Helligkeit<br \/>\n\u2022 Hohe Transparenz<br \/>\n\u2022 Best\u00e4ndig gegen Vergilbung<br \/>\n\u2022 Perfekte Deckelfunktionen<br \/>\n\u2022 Super stark gegen Kratzer<\/p>\n<p><strong>Anwendungsempfehlungen<\/strong><br \/>\nEs wird empfohlen, einen Zweikomponenten-Lack auf Holzoberfl\u00e4chen zu verwenden, die mit Graf 100- und Graf 200-Einlagen vorbehandelt sind, die f\u00fcr M\u00f6bel, T\u00fcren, Tische, St\u00fchle, verschiedene Holzgegenst\u00e4nde, Sonnenzelte, Holzspielzeug usw. bestimmt sind.<\/p>\n<p>###<\/p>\n<p><strong>Lagerung und Haltbarkeit<\/strong><br \/>\n36 Monate bei versiegelter Verpackung und unter normalen Lagerbedingungen. Es ist strengstens verboten, das Produkt der Sonne und Feuchtigkeit auszusetzen.<\/p>\n<p><strong>Hinweise<\/strong><br \/>\nEs wird empfohlen, die Anwendung des Produkts bei Temperaturen unter 5 \u00b0 C und \u00fcber 30 \u00b0 C zu vermeiden.<\/p>\n<p><strong>Verbrauch<\/strong><br \/>\n150 g &#8211; 200 g \/ l<\/p>\n<p><strong>Verpackung<\/strong><br \/>\n4lt \/ 20lt Metalleimer<\/p>\n","protected":false},"excerpt":{"rendered":"<p>Transparenter Zweikomponenten-Polyurethanlack, 100% gl\u00e4nzend<\/p>\n","protected":false},"featured_media":24479,"template":"","meta":{"om_disable_all_campaigns":false,"_monsterinsights_skip_tracking":false,"_monsterinsights_sitenote_active":false,"_monsterinsights_sitenote_note":"","_monsterinsights_sitenote_category":0},"class_list":["post-24207","product","type-product","status-publish","has-post-thumbnail","hentry","product_cat-polyurethane-based-products","product_cat-catalysts"],"aioseo_notices":[],"_links":{"self":[{"href":"https:\/\/deutschcolor.com\/de\/wp-json\/wp\/v2\/product\/24207","targetHints":{"allow":["GET"]}}],"collection":[{"href":"https:\/\/deutschcolor.com\/de\/wp-json\/wp\/v2\/product"}],"about":[{"href":"https:\/\/deutschcolor.com\/de\/wp-json\/wp\/v2\/types\/product"}],"wp:featuredmedia":[{"embeddable":true,"href":"https:\/\/deutschcolor.com\/de\/wp-json\/wp\/v2\/media\/24479"}],"wp:attachment":[{"href":"https:\/\/deutschcolor.com\/de\/wp-json\/wp\/v2\/media?parent=24207"}],"curies":[{"name":"wp","href":"https:\/\/api.w.org\/{rel}","templated":true}]}}