{"id":24211,"date":"2019-05-16T16:17:03","date_gmt":"2019-05-16T16:17:03","guid":{"rendered":"https:\/\/deutschcolor.com\/de\/?post_type=product&#038;p=24211"},"modified":"2020-01-06T11:33:10","modified_gmt":"2020-01-06T11:33:10","slug":"smart-300-a","status":"publish","type":"product","link":"https:\/\/deutschcolor.com\/de\/product\/smart-300-a\/","title":{"rendered":"Smart 300 A"},"content":{"rendered":"<p><strong>Eigenschaften<\/strong><br \/>\n\u2022 Leichter Geruch<br \/>\n\u2022 Extrawei\u00df<br \/>\n\u2022 Perfekte Ausrichtung<br \/>\n\u2022 Einfache Anwendung<br \/>\n\u2022 Maximale Helligkeit<br \/>\n\u2022 Perfekte Deckelfunktionen<br \/>\n\u2022 Best\u00e4ndig gegen Vergilben und Kratzen<\/p>\n<p><strong>Anwendungsempfehlungen<\/strong><br \/>\nEs wird empfohlen, auf allen mit GRAF 150 und GRAF 250 vorbehandelten Holzoberfl\u00e4chen, die f\u00fcr M\u00f6bel, T\u00fcren, Tische, St\u00fchle, verschiedene Holzobjekte, Sonnenzelte, Holzspielzeug usw. bestimmt sind, einen Zweikomponentenlack zu verwenden.<\/p>\n<p>###<\/p>\n<p><strong>Hinweise<\/strong><br \/>\nEs wird empfohlen, die Anwendung des Produkts bei Temperaturen unter 5 \u00b0 C und \u00fcber 30 \u00b0 C zu vermeiden.<\/p>\n<p><strong>Verbrauch<\/strong><br \/>\n200 g &#8211; 250 g \/ l<\/p>\n<p><strong>Verpackung<\/strong><br \/>\n4lt \/ 20lt Metalleimer<\/p>\n","protected":false},"excerpt":{"rendered":"<p>Wei\u00dfer Zweikomponenten-Polyurethanlack, 100% gl\u00e4nzend<\/p>\n","protected":false},"featured_media":24480,"template":"","meta":{"om_disable_all_campaigns":false,"_monsterinsights_skip_tracking":false,"_monsterinsights_sitenote_active":false,"_monsterinsights_sitenote_note":"","_monsterinsights_sitenote_category":0},"class_list":["post-24211","product","type-product","status-publish","has-post-thumbnail","hentry","product_cat-polyurethane-based-products","product_cat-catalysts"],"aioseo_notices":[],"_links":{"self":[{"href":"https:\/\/deutschcolor.com\/de\/wp-json\/wp\/v2\/product\/24211","targetHints":{"allow":["GET"]}}],"collection":[{"href":"https:\/\/deutschcolor.com\/de\/wp-json\/wp\/v2\/product"}],"about":[{"href":"https:\/\/deutschcolor.com\/de\/wp-json\/wp\/v2\/types\/product"}],"wp:featuredmedia":[{"embeddable":true,"href":"https:\/\/deutschcolor.com\/de\/wp-json\/wp\/v2\/media\/24480"}],"wp:attachment":[{"href":"https:\/\/deutschcolor.com\/de\/wp-json\/wp\/v2\/media?parent=24211"}],"curies":[{"name":"wp","href":"https:\/\/api.w.org\/{rel}","templated":true}]}}