{"id":24243,"date":"2019-05-16T16:32:00","date_gmt":"2019-05-16T16:32:00","guid":{"rendered":"https:\/\/deutschcolor.com\/de\/?post_type=product&#038;p=24243"},"modified":"2020-01-06T11:41:02","modified_gmt":"2020-01-06T11:41:02","slug":"sol-dc-2-slow","status":"publish","type":"product","link":"https:\/\/deutschcolor.com\/de\/product\/sol-dc-2-slow\/","title":{"rendered":"Sol DC 2 Slow"},"content":{"rendered":"<p><strong>Charakteristik<\/strong><br \/>\n-Geeignet zum Verd\u00fcnnen aller Systeme auf Polyurethanbasis.<br \/>\n-Es zeichnet sich durch hohe Transparenz aus.<br \/>\n&#8211; Verursacht keine Irritationen<br \/>\n-Gibt die Wirkung von gl\u00e4nzender Farbe.<\/p>\n<p>###<\/p>\n<p><strong>Lagerung und Haltbarkeit<\/strong><br \/>\n36 Monate bei trockener Lagerung, fern von W\u00e4rmequellen, bei einer Temperatur zwischen + 5 \u00b0 C und + 30 \u00b0 C. Sch\u00fctzen Sie sie vor Frost.<\/p>\n<p><strong>Verpackung<\/strong><br \/>\n10lt Metalleimer<\/p>\n","protected":false},"excerpt":{"rendered":"<p>Zweikomponenten-Verbundverd\u00fcnner mit langsamer Verdunstung f\u00fcr Produktsysteme auf Polyurethan- und L\u00f6sungsmittelbasis<\/p>\n","protected":false},"featured_media":24485,"template":"","meta":{"om_disable_all_campaigns":false,"_monsterinsights_skip_tracking":false,"_monsterinsights_sitenote_active":false,"_monsterinsights_sitenote_note":"","_monsterinsights_sitenote_category":0},"class_list":["post-24243","product","type-product","status-publish","has-post-thumbnail","hentry","product_cat-polyurethane-based-products","product_cat-thinners-polyurethane-based-products"],"aioseo_notices":[],"_links":{"self":[{"href":"https:\/\/deutschcolor.com\/de\/wp-json\/wp\/v2\/product\/24243","targetHints":{"allow":["GET"]}}],"collection":[{"href":"https:\/\/deutschcolor.com\/de\/wp-json\/wp\/v2\/product"}],"about":[{"href":"https:\/\/deutschcolor.com\/de\/wp-json\/wp\/v2\/types\/product"}],"wp:featuredmedia":[{"embeddable":true,"href":"https:\/\/deutschcolor.com\/de\/wp-json\/wp\/v2\/media\/24485"}],"wp:attachment":[{"href":"https:\/\/deutschcolor.com\/de\/wp-json\/wp\/v2\/media?parent=24243"}],"curies":[{"name":"wp","href":"https:\/\/api.w.org\/{rel}","templated":true}]}}