{"id":24491,"date":"2019-08-26T16:17:51","date_gmt":"2019-08-26T16:17:51","guid":{"rendered":"https:\/\/deutschcolor.com\/de\/?post_type=product&#038;p=24491"},"modified":"2020-01-04T20:35:27","modified_gmt":"2020-01-04T20:35:27","slug":"fm-031","status":"publish","type":"product","link":"https:\/\/deutschcolor.com\/de\/product\/fm-031\/","title":{"rendered":"FM 031"},"content":{"rendered":"<p><strong>PRODUKTKLASSIFIZIERUNG<\/strong><br \/>\nFM 031 ist nach EN 12004 als C1TE klassifiziert, C-Grundzement, 1 Klebstoff mit normaler Klebekraft, T Rutschhemmung, E verl\u00e4ngerte Verarbeitungszeit.<br \/>\nEIGENSCHAFTEN<br \/>\n1)\tF\u00fcr den Innen- und Au\u00dfenbereich in Innenr\u00e4umen.<br \/>\n2)\tGute Verarbeitbarkeit.<br \/>\n3)\tZum Befestigen von Keramik und Porzellan auf zementhaltigen Untergr\u00fcnden.<br \/>\n4)\tZur  Befestigung von Keramik auf mit FM PRIMER vorbehandelten Gipsoberfl\u00e4chen.<\/p>\n<p>###<br \/>\n<strong>ANWENDUNGSBEREICH<\/strong><br \/>\nFM 031 wird zum Verlegen von Keramik-, Porzellan- und kleinen Fliesen auf verschiedenen Oberfl\u00e4chen wie Beton, Fu\u00dfb\u00f6den auf Zementbasis und Putz verwendet. Dieses Produkt ist f\u00fcr den Innenbereich geeignet.<\/p>\n<p><strong>VERPACKUNG<\/strong><br \/>\nPapiert\u00fcten 25 Kg.<\/p>\n<p><strong>HALTBARKEIT UND LAGERUNG<\/strong><br \/>\n12 Monate, bei normaler Lagerung und in Originalverpackung und gesch\u00fctzt vor direkter Sonneneinstrahlung und Frost.<\/p>\n","protected":false},"excerpt":{"rendered":"<p>Klebstoff auf Zementbasis zum Verkleben von Keramikfliesen.<\/p>\n","protected":false},"featured_media":24493,"template":"","meta":{"om_disable_all_campaigns":false,"_monsterinsights_skip_tracking":false,"_monsterinsights_sitenote_active":false,"_monsterinsights_sitenote_note":"","_monsterinsights_sitenote_category":0},"class_list":["post-24491","product","type-product","status-publish","has-post-thumbnail","hentry","product_cat-adhesives","product_cat-cement-base-adhesives-for-tile"],"aioseo_notices":[],"_links":{"self":[{"href":"https:\/\/deutschcolor.com\/de\/wp-json\/wp\/v2\/product\/24491","targetHints":{"allow":["GET"]}}],"collection":[{"href":"https:\/\/deutschcolor.com\/de\/wp-json\/wp\/v2\/product"}],"about":[{"href":"https:\/\/deutschcolor.com\/de\/wp-json\/wp\/v2\/types\/product"}],"wp:featuredmedia":[{"embeddable":true,"href":"https:\/\/deutschcolor.com\/de\/wp-json\/wp\/v2\/media\/24493"}],"wp:attachment":[{"href":"https:\/\/deutschcolor.com\/de\/wp-json\/wp\/v2\/media?parent=24491"}],"curies":[{"name":"wp","href":"https:\/\/api.w.org\/{rel}","templated":true}]}}