{"id":24501,"date":"2019-08-26T16:27:35","date_gmt":"2019-08-26T16:27:35","guid":{"rendered":"https:\/\/deutschcolor.com\/de\/?post_type=product&#038;p=24501"},"modified":"2020-01-04T20:42:07","modified_gmt":"2020-01-04T20:42:07","slug":"fm-051","status":"publish","type":"product","link":"https:\/\/deutschcolor.com\/de\/product\/fm-051\/","title":{"rendered":"FM 051"},"content":{"rendered":"<p><strong>PRODUKTKLASSIFIZIERUNG<\/strong><br \/>\nFM 051 ist klassifiziert als C2TE S1 gem\u00e4\u00df EN 12004, C-Grundzement, 2 Klebstoffe mit hoher Klebkraft, T-Rutschfestigkeit, E-verl\u00e4ngerte Verarbeitungszeit und S1-Weichklebstoff.<\/p>\n<p><strong>EIGENSCHAFTEN<\/strong><br \/>\n &#8211; F\u00fcr den Innen- und Au\u00dfenbereich.<br \/>\n  &#8211; F\u00fcr feuchte Umgebungen.<br \/>\n  &#8211; Gute Verarbeitbarkeit.<br \/>\n&#8211; Zum Befestigen von Keramik-, Splitt- und Porzellanfliesen auf harten Oberfl\u00e4chen, \u00fcber vorhandenen alten Fliesen und \u00fcber Heizb\u00f6den.<br \/>\n&#8211; Zum Befestigen von Keramikfliesen, Steinzeug und Porzellan auf mit FM PRIMER behandelten Gipsoberfl\u00e4chen.<\/p>\n<p>###<\/p>\n<p><strong>VERPACKUNG<\/strong><br \/>\nPapierbeutel  25 Kg.<\/p>\n<p><strong>HALTBARKEIT UND LAGERUNG <\/strong><br \/>\n12 Monate, bei normaler Lagerung und in Originalverpackung und gesch\u00fctzt vor direkter Sonneneinstrahlung und Frost.<\/p>\n","protected":false},"excerpt":{"rendered":"<p>Flexibler Klebstoff auf Zementbasis zum Verkleben von Keramikfliesen, Steinzeug, Porzellan usw.<\/p>\n","protected":false},"featured_media":24503,"template":"","meta":{"om_disable_all_campaigns":false,"_monsterinsights_skip_tracking":false,"_monsterinsights_sitenote_active":false,"_monsterinsights_sitenote_note":"","_monsterinsights_sitenote_category":0},"class_list":["post-24501","product","type-product","status-publish","has-post-thumbnail","hentry","product_cat-adhesives","product_cat-cement-base-adhesives-for-tile"],"aioseo_notices":[],"_links":{"self":[{"href":"https:\/\/deutschcolor.com\/de\/wp-json\/wp\/v2\/product\/24501","targetHints":{"allow":["GET"]}}],"collection":[{"href":"https:\/\/deutschcolor.com\/de\/wp-json\/wp\/v2\/product"}],"about":[{"href":"https:\/\/deutschcolor.com\/de\/wp-json\/wp\/v2\/types\/product"}],"wp:featuredmedia":[{"embeddable":true,"href":"https:\/\/deutschcolor.com\/de\/wp-json\/wp\/v2\/media\/24503"}],"wp:attachment":[{"href":"https:\/\/deutschcolor.com\/de\/wp-json\/wp\/v2\/media?parent=24501"}],"curies":[{"name":"wp","href":"https:\/\/api.w.org\/{rel}","templated":true}]}}