{"id":24504,"date":"2019-08-26T16:30:13","date_gmt":"2019-08-26T16:30:13","guid":{"rendered":"https:\/\/deutschcolor.com\/de\/?post_type=product&#038;p=24504"},"modified":"2020-01-04T20:46:02","modified_gmt":"2020-01-04T20:46:02","slug":"fm-088","status":"publish","type":"product","link":"https:\/\/deutschcolor.com\/de\/product\/fm-088\/","title":{"rendered":"FM 088"},"content":{"rendered":"<p><strong>PRODUKTKLASSIFIZIERUNG<\/strong><br \/>\nFM 088 ist nach EN 12004, Basis C, als C2TE S2 klassifiziert<br \/>\nZement, 2 Klebstoffe mit hoher Klebkraft, T Rutschfestigkeit, E verl\u00e4ngerte Verarbeitungszeit. Nach EN 12002 ist es mit S2 eingestuft, sehr flexibel.<\/p>\n<p><strong>EIGENSCHAFTEN<\/strong><br \/>\n &#8211; F\u00fcr den Innen- und Au\u00dfenbereich.<br \/>\n  &#8211; F\u00fcr feuchte Umgebungen.<br \/>\n  &#8211; Gute Verarbeitbarkeit.<br \/>\n&#8211; Zum Befestigen von Keramik-, Splitt- und Porzellanfliesen auf harten Oberfl\u00e4chen, \u00fcber vorhandenen alten Fliesen und \u00fcber Heizb\u00f6den.<br \/>\n&#8211; Zum Befestigen von Keramikfliesen, Steinzeug und Porzellan auf mit FM PRIMER behandelten Gipsoberfl\u00e4chen.<br \/>\n  &#8211; Geeignet f\u00fcr Schwimmb\u00e4der.<\/p>\n<p>###<\/p>\n<p><strong>VERPACKUNG<\/strong><br \/>\nPapierbeutel 25 Kg.<\/p>\n<p><strong>HALTBARKEIT UND LAGERUNG <\/strong><br \/>\n12 Monate, bei normaler Lagerung und in Originalverpackung und gesch\u00fctzt vor direkter Sonneneinstrahlung und Frost.<\/p>\n","protected":false},"excerpt":{"rendered":"<p>Flexibler Klebstoff auf Zementbasis zum Verkleben von Keramikfliesen, Steinzeug, Porzellan usw.<\/p>\n","protected":false},"featured_media":24506,"template":"","meta":{"om_disable_all_campaigns":false,"_monsterinsights_skip_tracking":false,"_monsterinsights_sitenote_active":false,"_monsterinsights_sitenote_note":"","_monsterinsights_sitenote_category":0},"class_list":["post-24504","product","type-product","status-publish","has-post-thumbnail","hentry","product_cat-adhesives","product_cat-cement-base-adhesives-for-tile"],"aioseo_notices":[],"_links":{"self":[{"href":"https:\/\/deutschcolor.com\/de\/wp-json\/wp\/v2\/product\/24504","targetHints":{"allow":["GET"]}}],"collection":[{"href":"https:\/\/deutschcolor.com\/de\/wp-json\/wp\/v2\/product"}],"about":[{"href":"https:\/\/deutschcolor.com\/de\/wp-json\/wp\/v2\/types\/product"}],"wp:featuredmedia":[{"embeddable":true,"href":"https:\/\/deutschcolor.com\/de\/wp-json\/wp\/v2\/media\/24506"}],"wp:attachment":[{"href":"https:\/\/deutschcolor.com\/de\/wp-json\/wp\/v2\/media?parent=24504"}],"curies":[{"name":"wp","href":"https:\/\/api.w.org\/{rel}","templated":true}]}}