{"id":24507,"date":"2019-08-26T16:32:09","date_gmt":"2019-08-26T16:32:09","guid":{"rendered":"https:\/\/deutschcolor.com\/de\/?post_type=product&#038;p=24507"},"modified":"2020-01-04T20:47:23","modified_gmt":"2020-01-04T20:47:23","slug":"fm-marble","status":"publish","type":"product","link":"https:\/\/deutschcolor.com\/de\/product\/fm-marble\/","title":{"rendered":"FM MARBLE"},"content":{"rendered":"<p><strong>PRODUKTKLASSIFIZIERUNG<\/strong><br \/>\nFM MARBLE ist klassifiziert als C2TE nach EN 12004, C-Grundzement, 2 Klebstoffe mit hoher Klebkraft, T-Rutschfestigkeit,  E verl\u00e4ngerte Verarbeitungszeit.<\/p>\n<p><strong>EIGENSCHAFTEN<\/strong><br \/>\n &#8211; F\u00fcr den Innen- und Au\u00dfenbereich.<br \/>\n  &#8211; F\u00fcr trockene und nasse Bereiche.<br \/>\n&#8211; Gute Verarbeitbarkeit.<br \/>\n&#8211; Zum Befestigen von Marmor- und Granitfliesen auf harten Oberfl\u00e4chen, \u00fcber vorhandenen alten Fliesen und \u00fcber Heizb\u00f6den.<br \/>\n&#8211; Zur Befestigung von Marmor- und Granitplatten auf mit FM PRIMER behandelten Gipsoberfl\u00e4chen.<\/p>\n<p>###<br \/>\n<strong>ANWENDUNGSBEREICH <\/strong><br \/>\nFM MARBLE wird zum Verlegen von Marmor- und Granitfliesen auf verschiedenen Oberfl\u00e4chen wie Beton, Isolierbeschichtungen, Zement, Putz, alten Fliesen usw. verwendet. Dieses Produkt ist f\u00fcr drinnen und drau\u00dfen geeignet.<\/p>\n<p><strong>VERPACKUNG<\/strong><br \/>\nPapiert\u00fcten 25 Kg.<\/p>\n<p><strong>HALTBARKEIT UND LAGERUNG <\/strong><br \/>\n12 Monate, bei normaler Lagerung und in Originalverpackung und gesch\u00fctzt vor direkter Sonneneinstrahlung und Frost.<\/p>\n","protected":false},"excerpt":{"rendered":"<p>Flexibler Zementkleber zur Verklebung von Marmor- und Granitfliesen.<\/p>\n","protected":false},"featured_media":24508,"template":"","meta":{"om_disable_all_campaigns":false,"_monsterinsights_skip_tracking":false,"_monsterinsights_sitenote_active":false,"_monsterinsights_sitenote_note":"","_monsterinsights_sitenote_category":0},"class_list":["post-24507","product","type-product","status-publish","has-post-thumbnail","hentry","product_cat-adhesives","product_cat-cement-base-adhesives-for-tile"],"aioseo_notices":[],"_links":{"self":[{"href":"https:\/\/deutschcolor.com\/de\/wp-json\/wp\/v2\/product\/24507","targetHints":{"allow":["GET"]}}],"collection":[{"href":"https:\/\/deutschcolor.com\/de\/wp-json\/wp\/v2\/product"}],"about":[{"href":"https:\/\/deutschcolor.com\/de\/wp-json\/wp\/v2\/types\/product"}],"wp:featuredmedia":[{"embeddable":true,"href":"https:\/\/deutschcolor.com\/de\/wp-json\/wp\/v2\/media\/24508"}],"wp:attachment":[{"href":"https:\/\/deutschcolor.com\/de\/wp-json\/wp\/v2\/media?parent=24507"}],"curies":[{"name":"wp","href":"https:\/\/api.w.org\/{rel}","templated":true}]}}