{"id":24509,"date":"2019-08-26T16:34:05","date_gmt":"2019-08-26T16:34:05","guid":{"rendered":"https:\/\/deutschcolor.com\/de\/?post_type=product&#038;p=24509"},"modified":"2020-01-04T20:48:41","modified_gmt":"2020-01-04T20:48:41","slug":"fm-stone","status":"publish","type":"product","link":"https:\/\/deutschcolor.com\/de\/product\/fm-stone\/","title":{"rendered":"FM STONE"},"content":{"rendered":"<p><strong>PRODUKTKLASSIFIZIERUNG<\/strong><br \/>\nFM STONE ist klassifiziert als C2TE gem\u00e4\u00df EN 12004, C-Base-Base, 2 Klebstoffe mit hoher Klebkraft, T-Rutschfestigkeit, verl\u00e4ngerte Verarbeitungszeit.<\/p>\n<p><strong>EIGENSCHAFTEN<\/strong><br \/>\n  &#8211; F\u00fcr den Innen- und Au\u00dfenbereich.<br \/>\n  &#8211; F\u00fcr trockene und nasse Bereiche.<br \/>\n  &#8211; Gute Verarbeitbarkeit.<br \/>\n  &#8211; Zur Befestigung von Natursteinplatten auf B\u00f6den und Fassaden.<\/p>\n<p>###<\/p>\n<p><strong>ANWENDUNGSBEREICH<\/strong><br \/>\nFM STONE wird zur Verklebung von Natursteinplatten auf verschiedenen Untergr\u00fcnden verwendet, z. B .: Beton, Isolierbeschichtungen, Zement, Putz, alte Fliesen usw. Dieses Produkt ist f\u00fcr drinnen und drau\u00dfen geeignet.<\/p>\n<p><strong>VERPACKUNG<\/strong><br \/>\nPapiert\u00fcten 25 Kg.<\/p>\n<p><strong>HALTBARKEIT UND LAGERUNG <\/strong><br \/>\n12 Monate, bei normaler Lagerung und in Originalverpackung und gesch\u00fctzt vor direkter Sonneneinstrahlung und Frost.<\/p>\n","protected":false},"excerpt":{"rendered":"<p>Flexibler Zementkleber zur Verklebung von Natursteinplatten.<\/p>\n","protected":false},"featured_media":24511,"template":"","meta":{"om_disable_all_campaigns":false,"_monsterinsights_skip_tracking":false,"_monsterinsights_sitenote_active":false,"_monsterinsights_sitenote_note":"","_monsterinsights_sitenote_category":0},"class_list":["post-24509","product","type-product","status-publish","has-post-thumbnail","hentry","product_cat-adhesives","product_cat-cement-base-adhesives-for-tile"],"aioseo_notices":[],"_links":{"self":[{"href":"https:\/\/deutschcolor.com\/de\/wp-json\/wp\/v2\/product\/24509","targetHints":{"allow":["GET"]}}],"collection":[{"href":"https:\/\/deutschcolor.com\/de\/wp-json\/wp\/v2\/product"}],"about":[{"href":"https:\/\/deutschcolor.com\/de\/wp-json\/wp\/v2\/types\/product"}],"wp:featuredmedia":[{"embeddable":true,"href":"https:\/\/deutschcolor.com\/de\/wp-json\/wp\/v2\/media\/24511"}],"wp:attachment":[{"href":"https:\/\/deutschcolor.com\/de\/wp-json\/wp\/v2\/media?parent=24509"}],"curies":[{"name":"wp","href":"https:\/\/api.w.org\/{rel}","templated":true}]}}