{"id":24514,"date":"2019-08-26T16:39:32","date_gmt":"2019-08-26T16:39:32","guid":{"rendered":"https:\/\/deutschcolor.com\/de\/?post_type=product&#038;p=24514"},"modified":"2020-01-04T20:53:50","modified_gmt":"2020-01-04T20:53:50","slug":"fm-5000","status":"publish","type":"product","link":"https:\/\/deutschcolor.com\/de\/product\/fm-5000\/","title":{"rendered":"FM 5000"},"content":{"rendered":"<p><strong>Produktklassifizierung<\/strong><br \/>\nFM 5000 ist in der Kategorie D2TE nach EN 12004 gelistet.<\/p>\n<p><strong>EIGENSCHAFTEN<\/strong><br \/>\n&#8211; Best\u00e4ndig gegen Feuchtigkeit, verd\u00fcnnte S\u00e4uren, Laugen (Beton, Putz),<br \/>\n&#8211; Wirkt sich nicht auf d\u00fcnnfl\u00fcssigere empfindliche Materialien aus<br \/>\n&#8211; Es hat eine lange Lebensdauer<br \/>\n&#8211; Ausreichend f\u00fcr gro\u00dfe Oberfl\u00e4chenschichten, bietet hervorragende Haftung auf gl\u00e4nzenden und rauen Oberfl\u00e4chen.<br \/>\n-Hoher Anfangs- und Endwiderstand beim Kleben. <\/p>\n<p>###<\/p>\n<p><strong>HALTBARKEIT UND LAGERUNG <\/strong><br \/>\n12 monaten, in gut verschlossene Verpackung und in trockenen und schattigen Umgebung <\/p>\n<p><strong>VERPACKUNG<\/strong><br \/>\nPlastikeimer 5 und 25 kg.<\/p>\n","protected":false},"excerpt":{"rendered":"<p>Thixotroper, elastischer, gebrauchsfertiger Klebstoff auf Basis einer w\u00e4ssrigen Dispersion von Polyacryls\u00e4ureestern und speziellen Additiven.<\/p>\n","protected":false},"featured_media":24515,"template":"","meta":{"om_disable_all_campaigns":false,"_monsterinsights_skip_tracking":false,"_monsterinsights_sitenote_active":false,"_monsterinsights_sitenote_note":"","_monsterinsights_sitenote_category":0},"class_list":["post-24514","product","type-product","status-publish","has-post-thumbnail","hentry","product_cat-adhesives","product_cat-dispersion-base-adhesives-for-tile"],"aioseo_notices":[],"_links":{"self":[{"href":"https:\/\/deutschcolor.com\/de\/wp-json\/wp\/v2\/product\/24514","targetHints":{"allow":["GET"]}}],"collection":[{"href":"https:\/\/deutschcolor.com\/de\/wp-json\/wp\/v2\/product"}],"about":[{"href":"https:\/\/deutschcolor.com\/de\/wp-json\/wp\/v2\/types\/product"}],"wp:featuredmedia":[{"embeddable":true,"href":"https:\/\/deutschcolor.com\/de\/wp-json\/wp\/v2\/media\/24515"}],"wp:attachment":[{"href":"https:\/\/deutschcolor.com\/de\/wp-json\/wp\/v2\/media?parent=24514"}],"curies":[{"name":"wp","href":"https:\/\/api.w.org\/{rel}","templated":true}]}}