{"id":24519,"date":"2019-08-26T16:47:37","date_gmt":"2019-08-26T16:47:37","guid":{"rendered":"https:\/\/deutschcolor.com\/de\/?post_type=product&#038;p=24519"},"modified":"2020-01-04T20:56:25","modified_gmt":"2020-01-04T20:56:25","slug":"epofast-360","status":"publish","type":"product","link":"https:\/\/deutschcolor.com\/de\/product\/epofast-360\/","title":{"rendered":"EPOFAST 360"},"content":{"rendered":"<p><strong>Produktklassifizierung<\/strong><br \/>\nGem\u00e4\u00df EN 12004 ist es als R2FT klassifiziert, Klebstoff f\u00fcr Fliesen mit verbesserter Klebekraft, schneller Trocknungszeit und ohne vertikales Verrutschen.<\/p>\n<p><strong>EIGENSCHAFTEN<\/strong><br \/>\n-Es enth\u00e4lt kein L\u00f6sungsmittel<br \/>\n-Hohe Best\u00e4ndigkeit gegen Druck, Biegung und Haftfestigkeit<br \/>\n-Resistent gegen einige S\u00e4uren, Laugen, Korrosionsmittel f\u00fcr Beton, Reinigungsmittel, Meerwasser und Salzwasser.<br \/>\n-Ausgezeichnete Verarbeitbarkeit.<\/p>\n<p>###<\/p>\n<p><strong>VERPACKUNG<\/strong><br \/>\nKunststoffeimer   1 kg und 5 kg proportional Misch vorbestimmten Gewicht. Der Eimer der Komponente B ist mit dem Beh\u00e4lter der Komponente A verschmolzen.<\/p>\n<p><strong>HALTBARKEIT UND LAGERUNG <\/strong><br \/>\n24 Monate in trockener und schattiger Umgebung, wenn sie in der versiegelten Originalverpackung gelagert werden. Die Lagertemperatur wird zwischen + 5 \u00b0 C und + 35 \u00b0 C empfohlen.<\/p>\n","protected":false},"excerpt":{"rendered":"<p>Zweikomponenten-Fliesenkleber auf Epoxidharzbasis mit schneller Trocknungszeit<\/p>\n","protected":false},"featured_media":24521,"template":"","meta":{"om_disable_all_campaigns":false,"_monsterinsights_skip_tracking":false,"_monsterinsights_sitenote_active":false,"_monsterinsights_sitenote_note":"","_monsterinsights_sitenote_category":0},"class_list":["post-24519","product","type-product","status-publish","has-post-thumbnail","hentry","product_cat-adhesives","product_cat-epoxy-base-adhesives"],"aioseo_notices":[],"_links":{"self":[{"href":"https:\/\/deutschcolor.com\/de\/wp-json\/wp\/v2\/product\/24519","targetHints":{"allow":["GET"]}}],"collection":[{"href":"https:\/\/deutschcolor.com\/de\/wp-json\/wp\/v2\/product"}],"about":[{"href":"https:\/\/deutschcolor.com\/de\/wp-json\/wp\/v2\/types\/product"}],"wp:featuredmedia":[{"embeddable":true,"href":"https:\/\/deutschcolor.com\/de\/wp-json\/wp\/v2\/media\/24521"}],"wp:attachment":[{"href":"https:\/\/deutschcolor.com\/de\/wp-json\/wp\/v2\/media?parent=24519"}],"curies":[{"name":"wp","href":"https:\/\/api.w.org\/{rel}","templated":true}]}}