{"id":24522,"date":"2019-08-26T16:49:49","date_gmt":"2019-08-26T16:49:49","guid":{"rendered":"https:\/\/deutschcolor.com\/de\/?post_type=product&#038;p=24522"},"modified":"2020-01-04T20:59:05","modified_gmt":"2020-01-04T20:59:05","slug":"tb-400","status":"publish","type":"product","link":"https:\/\/deutschcolor.com\/de\/product\/tb-400\/","title":{"rendered":"TB 400"},"content":{"rendered":"<p><strong>ANWENDUNGSBEREICHE<\/strong><br \/>\nDie TB 400 dient zur Verklebung von Paneelen aller Art, die \u00fcblicherweise zur Herstellung von Deckstein-W\u00e4rmed\u00e4mmsystemen verwendet werden, wie Styropor, Polyurethan, Graphit, Mineralfasern in Ziegelw\u00e4nden, Beton oder Zementm\u00f6rtel.<br \/>\n<strong>OBERFL\u00c4CHENVORBEREITUNG<\/strong><br \/>\nDie Tr\u00e4ger sollten kompakt, langlebig und langlebig sein und keine Risse, Tinten oder abnehmbaren Teile aufweisen. Es sollte \u00fcberpr\u00fcft werden, ob die Ziegel richtig verklebt sind und keine abnehmbaren Teile aufweisen. Entfernen Sie diese Teile, falls vorhanden, und reparieren Sie die Oberfl\u00e4che mit Stuck. Verfugte W\u00e4nde m\u00fcssen zerkratzt werden, um sicherzustellen, dass die Oberfl\u00e4che darunter mit einer guten Antihaftfarbe oder abl\u00f6sbaren Teilen gestrichen werden kann. Staubige Oberfl\u00e4chen sollten mit MEGAGRUND Liner behandelt werden. Oberfl\u00e4chenrisse k\u00f6nnen mit TB 400 beschichtet werden, w\u00e4hrend tiefe Strukturrisse so behandelt werden sollten, dass die Ursachen f\u00fcr Risse beseitigt werden und nicht wiederholt werden. Wenn die Oberfl\u00e4che nicht zu flach oder gerade ist, sollte sie mit MEGAGRUND abgeflacht oder gegl\u00e4ttet werden.<\/p>\n<p>###<\/p>\n<p><strong>EIGENSCHAFTEN<\/strong><br \/>\n&#8211; Gute Verarbeitbarkeit<br \/>\n-F\u00e4higkeit zu harten Oberfl\u00e4chen<br \/>\n-Hohe Hydrophobizit\u00e4t von regenverst\u00e4rktem M\u00f6rtel.<\/p>\n<p><strong>VERPACKUNG<\/strong><br \/>\nPapiert\u00fcten 25 Kg.<\/p>\n<p><strong>HALTBARKEIT UND LAGERUNG<\/strong><br \/>\n12 Monate, bei normaler Lagerung und in Originalverpackung und gesch\u00fctzt.vor Feuchtigkeit und direkter Sonneneinstrahlung<\/p>\n","protected":false},"excerpt":{"rendered":"<p>Klebstoffpulver  verst\u00e4rkt mit Fasern f\u00fcr die Realisierung von W\u00e4rmed\u00e4mmsystemen   ETICS.<\/p>\n","protected":false},"featured_media":24523,"template":"","meta":{"om_disable_all_campaigns":false,"_monsterinsights_skip_tracking":false,"_monsterinsights_sitenote_active":false,"_monsterinsights_sitenote_note":"","_monsterinsights_sitenote_category":0},"class_list":["post-24522","product","type-product","status-publish","has-post-thumbnail","hentry","product_cat-adhesives","product_cat-adhesive-for-thermal-insulation-panels"],"aioseo_notices":[],"_links":{"self":[{"href":"https:\/\/deutschcolor.com\/de\/wp-json\/wp\/v2\/product\/24522","targetHints":{"allow":["GET"]}}],"collection":[{"href":"https:\/\/deutschcolor.com\/de\/wp-json\/wp\/v2\/product"}],"about":[{"href":"https:\/\/deutschcolor.com\/de\/wp-json\/wp\/v2\/types\/product"}],"wp:featuredmedia":[{"embeddable":true,"href":"https:\/\/deutschcolor.com\/de\/wp-json\/wp\/v2\/media\/24523"}],"wp:attachment":[{"href":"https:\/\/deutschcolor.com\/de\/wp-json\/wp\/v2\/media?parent=24522"}],"curies":[{"name":"wp","href":"https:\/\/api.w.org\/{rel}","templated":true}]}}