{"id":24525,"date":"2019-08-26T16:51:34","date_gmt":"2019-08-26T16:51:34","guid":{"rendered":"https:\/\/deutschcolor.com\/de\/?post_type=product&#038;p=24525"},"modified":"2020-01-04T21:00:21","modified_gmt":"2020-01-04T21:00:21","slug":"tb-800","status":"publish","type":"product","link":"https:\/\/deutschcolor.com\/de\/product\/tb-800\/","title":{"rendered":"TB 800"},"content":{"rendered":"<p><strong>EIGENSCHAFTEN<\/strong><br \/>\nGute Verarbeitbarkeit<br \/>\n-F\u00e4higkeit zu harten Oberfl\u00e4chen<br \/>\n-Hohe Hydrophobizit\u00e4t von regenverst\u00e4rktem M\u00f6rtel<\/p>\n<p>Das Abflachen der Paneele sollte in zwei H\u00e4nden erfolgen, indem diese mit dem Einbau eines alkalibest\u00e4ndigen Glasfasergewebes kombiniert werden.<\/p>\n<p><strong>ANWENDUNGSBEREICHE<\/strong><br \/>\nDie TB 800 dient zum Verkleben und anschlie\u00dfenden Abflachen von Paneelen aller Art, die \u00fcblicherweise zur Herstellung von Deckstein-W\u00e4rmed\u00e4mmsystemen verwendet werden, wie Styropor, Polyurethan, Steinwolle, Glaswolle, Graphit, Mineralfasern in Ziegelw\u00e4nden, Beton oder M\u00f6rtel. zementieren. Der TB 800 eignet sich sowohl f\u00fcr den Au\u00dfen- als auch f\u00fcr den Innenbereich.<\/p>\n<p>###<\/p>\n<p><strong>VERPACKUNG<\/strong><br \/>\nPapiert\u00fcten 25 Kg.<\/p>\n<p><strong>LEBEN UND LAGERUNG<\/strong><br \/>\n12 Monate, bei normaler Lagerung und in Originalverpackung und gesch\u00fctzt vor Feuchtigkeit und direkter Sonneneinstrahlung<\/p>\n","protected":false},"excerpt":{"rendered":"<p>Faserverst\u00e4rkte pulverbeschichtete Klebstoffe und Wohnungen zur Realisierung von W\u00e4rmed\u00e4mmsystemen. ETICS.<\/p>\n","protected":false},"featured_media":24527,"template":"","meta":{"om_disable_all_campaigns":false,"_monsterinsights_skip_tracking":false,"_monsterinsights_sitenote_active":false,"_monsterinsights_sitenote_note":"","_monsterinsights_sitenote_category":0},"class_list":["post-24525","product","type-product","status-publish","has-post-thumbnail","hentry","product_cat-adhesives","product_cat-adhesive-for-thermal-insulation-panels"],"aioseo_notices":[],"_links":{"self":[{"href":"https:\/\/deutschcolor.com\/de\/wp-json\/wp\/v2\/product\/24525","targetHints":{"allow":["GET"]}}],"collection":[{"href":"https:\/\/deutschcolor.com\/de\/wp-json\/wp\/v2\/product"}],"about":[{"href":"https:\/\/deutschcolor.com\/de\/wp-json\/wp\/v2\/types\/product"}],"wp:featuredmedia":[{"embeddable":true,"href":"https:\/\/deutschcolor.com\/de\/wp-json\/wp\/v2\/media\/24527"}],"wp:attachment":[{"href":"https:\/\/deutschcolor.com\/de\/wp-json\/wp\/v2\/media?parent=24525"}],"curies":[{"name":"wp","href":"https:\/\/api.w.org\/{rel}","templated":true}]}}