{"id":24528,"date":"2019-08-26T16:53:44","date_gmt":"2019-08-26T16:53:44","guid":{"rendered":"https:\/\/deutschcolor.com\/de\/?post_type=product&#038;p=24528"},"modified":"2020-01-04T21:01:37","modified_gmt":"2020-01-04T21:01:37","slug":"rfm-800","status":"publish","type":"product","link":"https:\/\/deutschcolor.com\/de\/product\/rfm-800\/","title":{"rendered":"RFM 800"},"content":{"rendered":"<p><strong>EIGENSCHAFTEN<\/strong><br \/>\nPulver auf Zementbasis<br \/>\n-F\u00fcr Umgebungen mit hohen Temperaturen und hoher mechanischer Best\u00e4ndigkeit<br \/>\n-F\u00fcllung bis 20 mm \/ Schichtdicke<br \/>\n-Nicht schrumpfen<br \/>\n-Ausgezeichnete Verarbeitbarkeit und Haftung<br \/>\n-Widerstand gegen Temperaturen und St\u00f6\u00dfe.<br \/>\n&#8211; Spezielle Polymere, ausgew\u00e4hlte inerte und synthetische Fasern, die hydraulische Legierungen enthalten, rei\u00dfen nicht und gleiten nicht zu hoher Dicke.<\/p>\n<p><strong>ANWENDUNGSBEREICH<\/strong><br \/>\nRFM 800 wird in allen Umgebungen eingesetzt, in denen eine hohe Temperaturbest\u00e4ndigkeit erforderlich ist, z. B. in \u00d6fen, \u00d6fen usw.<\/p>\n<p>###<\/p>\n<p><strong>VERBRAUCH<\/strong><br \/>\nCirca 18 kg\/m2 \/cm Schichtdicke<\/p>\n<p>VERPACKUNG<br \/>\n<strong>Papiert\u00fcten <\/strong>25 Kg.<\/p>\n<p><strong>HALTBARKEIT UND LAGERUNG<\/strong><br \/>\n12 Monate, bei normaler Lagerung und in Originalverpackung, gesch\u00fctzt. vor Feuchtigkeit und direkter Sonneneinstrahlung <\/p>\n","protected":false},"excerpt":{"rendered":"<p>Feuerfester M\u00f6rtel auf Zementbasis, Kunstharze und spezielle Additive f\u00fcr Umgebungen mit hohen Temperaturen.<\/p>\n","protected":false},"featured_media":24529,"template":"","meta":{"om_disable_all_campaigns":false,"_monsterinsights_skip_tracking":false,"_monsterinsights_sitenote_active":false,"_monsterinsights_sitenote_note":"","_monsterinsights_sitenote_category":0},"class_list":["post-24528","product","type-product","status-publish","has-post-thumbnail","hentry","product_cat-adhesives","product_cat-high-temperature-resistant-adhesive"],"aioseo_notices":[],"_links":{"self":[{"href":"https:\/\/deutschcolor.com\/de\/wp-json\/wp\/v2\/product\/24528","targetHints":{"allow":["GET"]}}],"collection":[{"href":"https:\/\/deutschcolor.com\/de\/wp-json\/wp\/v2\/product"}],"about":[{"href":"https:\/\/deutschcolor.com\/de\/wp-json\/wp\/v2\/types\/product"}],"wp:featuredmedia":[{"embeddable":true,"href":"https:\/\/deutschcolor.com\/de\/wp-json\/wp\/v2\/media\/24529"}],"wp:attachment":[{"href":"https:\/\/deutschcolor.com\/de\/wp-json\/wp\/v2\/media?parent=24528"}],"curies":[{"name":"wp","href":"https:\/\/api.w.org\/{rel}","templated":true}]}}