{"id":24532,"date":"2019-08-26T16:59:11","date_gmt":"2019-08-26T16:59:11","guid":{"rendered":"https:\/\/deutschcolor.com\/de\/?post_type=product&#038;p=24532"},"modified":"2020-01-04T21:04:08","modified_gmt":"2020-01-04T21:04:08","slug":"wa-600-2k","status":"publish","type":"product","link":"https:\/\/deutschcolor.com\/de\/product\/wa-600-2k\/","title":{"rendered":"WA 600 2K"},"content":{"rendered":"<p><strong>EIGENSCHAFTEN<\/strong><br \/>\n&#8211; 2-Komponenten-Kleber.<br \/>\n-Ausgezeichnet bei Temperaturen nahe dem Gefrierpunkt. Die Installation bei Temperaturen von + 10 \u00b0 C wird empfohlen.<br \/>\n-Hohe Haftung, die die Verletzung nach 24 Stunden m\u00f6glich macht.<br \/>\n-Hohe Flexibilit\u00e4t und Haftung machen es f\u00fcr hygrometrische Bewegungen von Holz geeignet.<br \/>\n-Vollkommen resistent gegen Schimmel und Bakterien aufgrund der speziellen Zus\u00e4tze, die es enth\u00e4lt.<br \/>\n-Es ist nicht als Gefahrgut eingestuft.<\/p>\n<p><strong>APPLIKATIONSVERFAHREN<\/strong><br \/>\nDie Oberfl\u00e4che sollte vollst\u00e4ndig trocken, saugf\u00e4hig, eben, mechanisch stabil, staubfrei, frei von Partikeln, Farbe, Wachs, \u00d6l usw. sein. Der Feuchtigkeitsgehalt sollte unter dem von den Bodenbelagsherstellern vorgeschriebenen H\u00f6chstgehalt liegen. \u00dcberpr\u00fcfen Sie die Feuchtigkeit \u00fcber die gesamte Dicke der Oberfl\u00e4che mit einem Feuchtigkeitsmesser.<\/p>\n<p>###<\/p>\n<p><strong>VERBRAUCH<\/strong><br \/>\nAbh\u00e4ngig von der Art der verwendeten Ware:<br \/>\n600 &#8211; 800 g \/ m\u00b2 bei Verwendung eines 4 mm Zahnbodens.<br \/>\n800 &#8211; 1000 g \/ m\u00b2 bei Verwendung eines 6 mm Zahnestrichs.<\/p>\n<p><strong>VERPACKUNG<\/strong><br \/>\nPlastikeimer 5kg \/ 15kg<\/p>\n<p><strong>HALTBARKEIT UND LAGERUNG<\/strong><br \/>\n24 Monate bei k\u00fchler Lagerung in versiegelter Originalverpackung.<\/p>\n","protected":false},"excerpt":{"rendered":"<p>Zweikomponentenklebstoff auf Polyurethanbasis f\u00fcr alle Arten von Bodenbel\u00e4gen geeignet<\/p>\n","protected":false},"featured_media":24533,"template":"","meta":{"om_disable_all_campaigns":false,"_monsterinsights_skip_tracking":false,"_monsterinsights_sitenote_active":false,"_monsterinsights_sitenote_note":"","_monsterinsights_sitenote_category":0},"class_list":["post-24532","product","type-product","status-publish","has-post-thumbnail","hentry","product_cat-adhesives","product_cat-adhesives-for-pvc-linoleum-and-parquet"],"aioseo_notices":[],"_links":{"self":[{"href":"https:\/\/deutschcolor.com\/de\/wp-json\/wp\/v2\/product\/24532","targetHints":{"allow":["GET"]}}],"collection":[{"href":"https:\/\/deutschcolor.com\/de\/wp-json\/wp\/v2\/product"}],"about":[{"href":"https:\/\/deutschcolor.com\/de\/wp-json\/wp\/v2\/types\/product"}],"wp:featuredmedia":[{"embeddable":true,"href":"https:\/\/deutschcolor.com\/de\/wp-json\/wp\/v2\/media\/24533"}],"wp:attachment":[{"href":"https:\/\/deutschcolor.com\/de\/wp-json\/wp\/v2\/media?parent=24532"}],"curies":[{"name":"wp","href":"https:\/\/api.w.org\/{rel}","templated":true}]}}