{"id":24536,"date":"2019-08-26T17:04:53","date_gmt":"2019-08-26T17:04:53","guid":{"rendered":"https:\/\/deutschcolor.com\/de\/?post_type=product&#038;p=24536"},"modified":"2020-01-04T21:07:24","modified_gmt":"2020-01-04T21:07:24","slug":"pvc-adhesive","status":"publish","type":"product","link":"https:\/\/deutschcolor.com\/de\/product\/pvc-adhesive\/","title":{"rendered":"PVC ADHESIVE"},"content":{"rendered":"<p><strong>EIGENSCHAFTEN<\/strong><\/p>\n<p>-Starker Klebstoff f\u00fcr PVC-Kunststoffrohre<br \/>\n-F\u00fcr Wasser- und Abwasserleitungen.<br \/>\n-Best\u00e4ndig gegen Temperaturschwankungen, kaltes und hei\u00dfes Wasser, Vibrationen und Wetter.<br \/>\n-Die dauerhafte und ideale Dichte des PVC-Klebstoffs f\u00fcllt die L\u00fccken, die bei der Montage der Ausr\u00fcstung entstehen k\u00f6nnen, und stellt so sicher, dass ihre Haftung unzerbrechlich ist.<br \/>\n-Auf den Deckel geklebt, hat es eine spezielle kugelf\u00f6rmige B\u00fcrste.<br \/>\n&#8211; Pellt nicht<\/p>\n<p>###<\/p>\n<p><strong>VERBRAUCH<\/strong><br \/>\n250 ml\/m2  Schicht <\/p>\n<p><strong>HALTBARKEIT UND LAGERUNG<\/strong><br \/>\n18 Monate an einem gut verschlossenen, trockenen, schattigen Ort und gesch\u00fctzt vor jeglicher W\u00e4rmequelle.<\/p>\n<p><strong>VERPACKUNG<\/strong><br \/>\nDose 250 ml \/ 500 ml<\/p>\n","protected":false},"excerpt":{"rendered":"<p>Starker Klebstoff f\u00fcr PVC-Kunststoffrohre<\/p>\n","protected":false},"featured_media":24537,"template":"","meta":{"om_disable_all_campaigns":false,"_monsterinsights_skip_tracking":false,"_monsterinsights_sitenote_active":false,"_monsterinsights_sitenote_note":"","_monsterinsights_sitenote_category":0},"class_list":["post-24536","product","type-product","status-publish","has-post-thumbnail","hentry","product_cat-adhesives","product_cat-adhesives-for-pvc-linoleum-and-parquet"],"aioseo_notices":[],"_links":{"self":[{"href":"https:\/\/deutschcolor.com\/de\/wp-json\/wp\/v2\/product\/24536","targetHints":{"allow":["GET"]}}],"collection":[{"href":"https:\/\/deutschcolor.com\/de\/wp-json\/wp\/v2\/product"}],"about":[{"href":"https:\/\/deutschcolor.com\/de\/wp-json\/wp\/v2\/types\/product"}],"wp:featuredmedia":[{"embeddable":true,"href":"https:\/\/deutschcolor.com\/de\/wp-json\/wp\/v2\/media\/24537"}],"wp:attachment":[{"href":"https:\/\/deutschcolor.com\/de\/wp-json\/wp\/v2\/media?parent=24536"}],"curies":[{"name":"wp","href":"https:\/\/api.w.org\/{rel}","templated":true}]}}