{"id":24538,"date":"2019-08-27T08:25:14","date_gmt":"2019-08-27T08:25:14","guid":{"rendered":"https:\/\/deutschcolor.com\/de\/?post_type=product&#038;p=24538"},"modified":"2020-01-04T21:40:18","modified_gmt":"2020-01-04T21:40:18","slug":"griff-l45","status":"publish","type":"product","link":"https:\/\/deutschcolor.com\/de\/product\/griff-l45\/","title":{"rendered":"GRIFF L45"},"content":{"rendered":"<p><strong>EIGENSCHAFTEN<\/strong><br \/>\n-Besch\u00e4digt die Tapeten nicht<br \/>\n-Dicht<br \/>\n-Einfach korrigierbar<br \/>\n-Hohe Haftung<br \/>\n-Einfach zu bedienen<br \/>\n-Lange Arbeitszeit<br \/>\nPH-neutrale<br \/>\n-Resistent gegen Feuchtigkeit.<br \/>\n<strong>EMPFEHLUNGEN F\u00dcR DEN GEBRAUCH<\/strong><br \/>\nGeeignet zum Verkleben von Tapeten aller Art im Innenbereich.<\/p>\n<p><strong>APPLIKATIONSVERFAHREN<\/strong><br \/>\nOberfl\u00e4chenvorbereitung<\/p>\n<p>###<\/p>\n<p><strong>Anwendung<\/strong><br \/>\nDas resultierende Produkt wird mit einem Pinsel oder einer Rolle auf die R\u00fcckseite des Tapeten aufgetragen, wobei darauf geachtet wird, dass die Kanten des Papiers vollst\u00e4ndig nass sind. Der Klebstoff wird in der Richtung von der Mitte des Papiers zu seinen R\u00e4ndern aufgetragen.<br \/>\nArbeitswerkzeuge werden nach dem Auftragen unter flie\u00dfendem Wasser gereinigt.<\/p>\n<p><strong>VERPACKUNG<\/strong><br \/>\nPlastikeimer 0,25 kg<\/p>\n<p><strong>HALTBARKEIT UND LAGERUNG<\/strong><br \/>\n24 Monate in der unge\u00f6ffneten Originalverpackung.<\/p>\n","protected":false},"excerpt":{"rendered":"<p>Tapetenkleber auf Basis hochwertiger Cellulose<\/p>\n","protected":false},"featured_media":24539,"template":"","meta":{"om_disable_all_campaigns":false,"_monsterinsights_skip_tracking":false,"_monsterinsights_sitenote_active":false,"_monsterinsights_sitenote_note":"","_monsterinsights_sitenote_category":0},"class_list":["post-24538","product","type-product","status-publish","has-post-thumbnail","hentry","product_cat-adhesives","product_cat-adhesives-for-wall-papers"],"aioseo_notices":[],"_links":{"self":[{"href":"https:\/\/deutschcolor.com\/de\/wp-json\/wp\/v2\/product\/24538","targetHints":{"allow":["GET"]}}],"collection":[{"href":"https:\/\/deutschcolor.com\/de\/wp-json\/wp\/v2\/product"}],"about":[{"href":"https:\/\/deutschcolor.com\/de\/wp-json\/wp\/v2\/types\/product"}],"wp:featuredmedia":[{"embeddable":true,"href":"https:\/\/deutschcolor.com\/de\/wp-json\/wp\/v2\/media\/24539"}],"wp:attachment":[{"href":"https:\/\/deutschcolor.com\/de\/wp-json\/wp\/v2\/media?parent=24538"}],"curies":[{"name":"wp","href":"https:\/\/api.w.org\/{rel}","templated":true}]}}