{"id":24540,"date":"2019-08-27T08:27:28","date_gmt":"2019-08-27T08:27:28","guid":{"rendered":"https:\/\/deutschcolor.com\/de\/?post_type=product&#038;p=24540"},"modified":"2020-01-04T21:41:33","modified_gmt":"2020-01-04T21:41:33","slug":"fm-primer","status":"publish","type":"product","link":"https:\/\/deutschcolor.com\/de\/product\/fm-primer\/","title":{"rendered":"FM PRIMER"},"content":{"rendered":"<p><strong>EMPFEHLUNGEN F\u00dcR DEN GEBRAUCH<\/strong><br \/>\nEs wird verwendet, um dem Tr\u00e4ger die gew\u00fcnschten Eigenschaften zu verleihen, bevor Fliesenkleber auf Zementbasis aufgetragen werden. FM PRIMER kann als Grundierung auf verschiedenen Untergr\u00fcnden angewendet werden, z. B .: alte Fliesen, glatte Oberfl\u00e4chen, Natursteine, Zement, Holz- und Metallfu\u00dfboden.<\/p>\n<p><strong>OBERFL\u00c4CHENVORBEREITUNG<\/strong><br \/>\nDer Untergrund, auf dem der FM PRIMER aufgetragen wird, muss frei von Feuchtigkeit, Staub und \u00d6len sein.<br \/>\n<strong>ANWENDUNG<\/strong><br \/>\nFM PRIMER ist gebrauchsfertig und wird mit einer Rolle oder einem Pinsel direkt auf den St\u00e4nder aufgetragen. Der Fliesenkleber kann nach einer Stunde und solange der FM PRIMER haftet, aufgetragen werden.<\/p>\n<p>###<br \/>\n<strong>HALTBARKEIT UND LAGERUNG<\/strong><br \/>\n18 Monate in der Originalverpackung, frostgesch\u00fctzt und unempfindlich gegen<br \/>\ndirekt in der Sonne.<\/p>\n<p>Die Umgebungstemperatur w\u00e4hrend der Anwendung sollte zwischen + 5 \u00b0 C und 35 \u00b0 C liegen. Die maximale Wartezeit nach dem Auftragen betr\u00e4gt 12 Stunden. Nach Ablauf dieser Zeit ist ein neuer Anstrich erforderlich, bevor der Fliesenkleber aufgetragen wird. FM PRIMER ist ein Muss, wenn die Fliese \u00fcber die Fliese geklebt wird.<\/p>\n<p><strong>VERPACKUNG<\/strong><br \/>\nPlastikflasche 1 kg \/ 5 kg \/ 10 kg.<\/p>\n","protected":false},"excerpt":{"rendered":"<p>Grundierung auf Acrylbasis<\/p>\n","protected":false},"featured_media":24541,"template":"","meta":{"om_disable_all_campaigns":false,"_monsterinsights_skip_tracking":false,"_monsterinsights_sitenote_active":false,"_monsterinsights_sitenote_note":"","_monsterinsights_sitenote_category":0},"class_list":["post-24540","product","type-product","status-publish","has-post-thumbnail","hentry","product_cat-adhesives","product_cat-adhesives-for-wall-papers"],"aioseo_notices":[],"_links":{"self":[{"href":"https:\/\/deutschcolor.com\/de\/wp-json\/wp\/v2\/product\/24540","targetHints":{"allow":["GET"]}}],"collection":[{"href":"https:\/\/deutschcolor.com\/de\/wp-json\/wp\/v2\/product"}],"about":[{"href":"https:\/\/deutschcolor.com\/de\/wp-json\/wp\/v2\/types\/product"}],"wp:featuredmedia":[{"embeddable":true,"href":"https:\/\/deutschcolor.com\/de\/wp-json\/wp\/v2\/media\/24541"}],"wp:attachment":[{"href":"https:\/\/deutschcolor.com\/de\/wp-json\/wp\/v2\/media?parent=24540"}],"curies":[{"name":"wp","href":"https:\/\/api.w.org\/{rel}","templated":true}]}}