{"id":24544,"date":"2019-08-27T08:57:43","date_gmt":"2019-08-27T08:57:43","guid":{"rendered":"https:\/\/deutschcolor.com\/de\/?post_type=product&#038;p=24544"},"modified":"2020-01-04T21:44:17","modified_gmt":"2020-01-04T21:44:17","slug":"prestige-2k","status":"publish","type":"product","link":"https:\/\/deutschcolor.com\/de\/product\/prestige-2k\/","title":{"rendered":"PRESTIGE 2K"},"content":{"rendered":"<p><strong>EIGENSCHAFTEN<\/strong><br \/>\nZweikomponentenmaterial. Komponente A ist pulverbasiert in Zement, Naturstein, Kunstharzen und Spezialpigmenten; und Komponente B ist ein Fluid auf Elastomerbasis f\u00fcr eine h\u00f6here Best\u00e4ndigkeit gegen\u00fcber Kompression und Biegung sowie Best\u00e4ndigkeit gegen\u00fcber chemischen Mitteln und Detergenzien.<br \/>\n<strong>OBERFL\u00c4CHENVORBEREITUNG<\/strong><br \/>\nDie mit Fliesen bedeckte Oberfl\u00e4che und die Zwischenr\u00e4ume m\u00fcssen absolut sauber sein. Erreicht man die Fliesenklebung mit Klebstoffen, werden die Fugen an den W\u00e4nden nach 8 &#8211; 12 Stunden und die Fugen am Boden nach 12 &#8211; 24 Stunden ausgef\u00fcllt. Wenn die Fliesenklebung mit herk\u00f6mmlichem M\u00f6rtel oder Zementm\u00f6rtel erfolgt, werden die Fugen an den W\u00e4nden nach 2 &#8211; 3 Tagen und die Fugen am Boden nach 8 &#8211; 10 Tagen ausgef\u00fcllt.<\/p>\n<p>###<\/p>\n<p><strong>ANWENDUNGSART<\/strong><br \/>\nTragen Sie das Produkt mit einem weichen Gummispachtel auf. Der volle F\u00fcllstoff kann mit einem feuchten Schwamm entfernt werden, wenn das Produkt eine ausreichende H\u00e4rte erreicht hat (normalerweise 15 &#8211; 20 Minuten nach dem Auftragen). Die Reinigung von W\u00e4nden oder B\u00f6den erfolgt mit einem trockenen Tuch oder einem Wolltuch, wenn der F\u00fcllstoff vollst\u00e4ndig ausgeh\u00e4rtet ist. Die Reinigung kann auch einen Tag sp\u00e4ter nach dem Auftragen des Fugenf\u00fcllers erfolgen.<\/p>\n<p><strong>ANWENDUNGSTEMPERATUR<\/strong><br \/>\n+ 5 \u00b0 C bis + 35 \u00b0 C<\/p>\n<p><strong>VERPACKUNG<\/strong><br \/>\nPlastikeimer 2,2 kg<\/p>\n<p><strong>HALTBARKEIT UND LAGERUNG<\/strong><br \/>\n24 Monate in der unge\u00f6ffneten Originalverpackung.<\/p>\n","protected":false},"excerpt":{"rendered":"<p>Zweikomponentenmaterial. . Komponente A ist Pulver auf Zementbasis. Komponente B ist eine Fl\u00fcssigkeit auf Elastomerbasis.<\/p>\n","protected":false},"featured_media":24545,"template":"","meta":{"om_disable_all_campaigns":false,"_monsterinsights_skip_tracking":false,"_monsterinsights_sitenote_active":false,"_monsterinsights_sitenote_note":"","_monsterinsights_sitenote_category":0},"class_list":["post-24544","product","type-product","status-publish","has-post-thumbnail","hentry","product_cat-tile-grouts","product_cat-cement-base-tile-grouts"],"aioseo_notices":[],"_links":{"self":[{"href":"https:\/\/deutschcolor.com\/de\/wp-json\/wp\/v2\/product\/24544","targetHints":{"allow":["GET"]}}],"collection":[{"href":"https:\/\/deutschcolor.com\/de\/wp-json\/wp\/v2\/product"}],"about":[{"href":"https:\/\/deutschcolor.com\/de\/wp-json\/wp\/v2\/types\/product"}],"wp:featuredmedia":[{"embeddable":true,"href":"https:\/\/deutschcolor.com\/de\/wp-json\/wp\/v2\/media\/24545"}],"wp:attachment":[{"href":"https:\/\/deutschcolor.com\/de\/wp-json\/wp\/v2\/media?parent=24544"}],"curies":[{"name":"wp","href":"https:\/\/api.w.org\/{rel}","templated":true}]}}