{"id":24546,"date":"2019-08-27T09:01:28","date_gmt":"2019-08-27T09:01:28","guid":{"rendered":"https:\/\/deutschcolor.com\/de\/?post_type=product&#038;p=24546"},"modified":"2021-10-04T10:33:55","modified_gmt":"2021-10-04T10:33:55","slug":"intense","status":"publish","type":"product","link":"https:\/\/deutschcolor.com\/de\/product\/intense\/","title":{"rendered":"INTENSE"},"content":{"rendered":"<p><strong>EIGENSCHAFTEN <\/strong><br \/>\n-Es handelt sich um zementbasiertes Pulvermaterial, Natursteinpulver mit ausgew\u00e4hlter Granulometrie, Kunstharze, hydrophobe Zus\u00e4tze und Farbpigmente.<br \/>\n&#8211; Gute Verarbeitbarkeit und Offenheit.<br \/>\n-Einfach zu reinigen.<br \/>\n-Ergibt eine glatte Oberfl\u00e4che.<br \/>\n-Wasserdicht.<br \/>\n-Hohe Best\u00e4ndigkeit gegen Laugen und Reinigungsmittel.<br \/>\n&#8211; Korrosionsbest\u00e4ndigkeit<br \/>\n-Best\u00e4ndig gegen UV-Strahlung.<br \/>\n&#8211; Verhindert den Fluoreszenzprozess.<br \/>\n-Nach EN 13888 geh\u00f6rt die Klassifizierung zur Kategorie CG2.<\/p>\n<p>###<\/p>\n<p><strong>ANWENDUNGSART<\/strong><br \/>\nDie Zwischenr\u00e4ume zwischen den Fliesen werden einfach mit einem Gummibohle aufgef\u00fcllt. Die Entfernung der Restmasse sollte mit einem feuchten Schwamm erfolgen, sobald INTENSE die erforderliche Konsistenz erreicht hat (Konsistenz erreicht ca. 20 Minuten nach der Anwendung von INTENSE). Die Endreinigung der Fliesen erfolgt mit einem trockenen Tuch. Die Endreinigung kann auch nach einem erstarrten Tag erfolgen. In diesem Fall wird ein geeignetes St\u00fcck f\u00fcr die Reinigung ausgew\u00e4hlt.<\/p>\n<p><strong>VERPACKUNG<\/strong><br \/>\nPlastikt\u00fcte 2Kg \/ 5Kg<\/p>\n<p><strong>HALTBARKEIT UND LAGERUNG<\/strong><br \/>\n24 Monate in der unge\u00f6ffneten Originalverpackung.<\/p>\n","protected":false},"excerpt":{"rendered":"<p>Fugenf\u00fcller mit ausgew\u00e4hlter K\u00f6rnung und hoher Wasserbest\u00e4ndigkeit; Dient zum F\u00fcllen von Fugen von 0 &#8211; 6 mm.<\/p>\n","protected":false},"featured_media":24547,"template":"","meta":{"om_disable_all_campaigns":false,"_monsterinsights_skip_tracking":false,"_monsterinsights_sitenote_active":false,"_monsterinsights_sitenote_note":"","_monsterinsights_sitenote_category":0},"class_list":["post-24546","product","type-product","status-publish","has-post-thumbnail","hentry","product_cat-tile-grouts","product_cat-cement-base-tile-grouts"],"aioseo_notices":[],"_links":{"self":[{"href":"https:\/\/deutschcolor.com\/de\/wp-json\/wp\/v2\/product\/24546","targetHints":{"allow":["GET"]}}],"collection":[{"href":"https:\/\/deutschcolor.com\/de\/wp-json\/wp\/v2\/product"}],"about":[{"href":"https:\/\/deutschcolor.com\/de\/wp-json\/wp\/v2\/types\/product"}],"wp:featuredmedia":[{"embeddable":true,"href":"https:\/\/deutschcolor.com\/de\/wp-json\/wp\/v2\/media\/24547"}],"wp:attachment":[{"href":"https:\/\/deutschcolor.com\/de\/wp-json\/wp\/v2\/media?parent=24546"}],"curies":[{"name":"wp","href":"https:\/\/api.w.org\/{rel}","templated":true}]}}