{"id":24548,"date":"2019-08-27T09:02:54","date_gmt":"2019-08-27T09:02:54","guid":{"rendered":"https:\/\/deutschcolor.com\/de\/?post_type=product&#038;p=24548"},"modified":"2020-01-04T21:46:29","modified_gmt":"2020-01-04T21:46:29","slug":"maxi-fugen","status":"publish","type":"product","link":"https:\/\/deutschcolor.com\/de\/product\/maxi-fugen\/","title":{"rendered":"MAXI FUGEN"},"content":{"rendered":"<p><strong>TECHNISCHE EIGENSCHAFTEN <\/strong><br \/>\n-Es handelt sich um zementbasiertes Pulvermaterial, Natursteinpulver mit ausgew\u00e4hlter Granulometrie, Kunstharze, hydrophobe Zus\u00e4tze und Farbpigmente.<br \/>\n&#8211; Gute Verarbeitbarkeit und Offenheit.<br \/>\n-Einfach zu reigen.<br \/>\n-Ergibt eine glatte Oberfl\u00e4che.<br \/>\n-Wasserdicht.<br \/>\n-Hohe Best\u00e4ndigkeit gegen Laugen und Reinigungsmittel.<br \/>\n&#8211; Korrosionsbest\u00e4ndigkeit<br \/>\n-Best\u00e4ndig gegen UV-Strahlung.<br \/>\n&#8211; Verhindert den Fluoreszenzprozess.<br \/>\nGem\u00e4\u00df der Klassifizierung nach EN 13888 geh\u00f6rt die Kategorie CG2-WA an.<\/p>\n<p>###<\/p>\n<p><strong>ANWENDUNGSWEISE<\/strong><br \/>\nDie Zwischenr\u00e4ume zwischen den Fliesen werden einfach mit einem Gummibohle aufgef\u00fcllt. Das Entfernen der Restmasse sollte mit einem feuchten Schwamm erfolgen, wenn MAXI FUGEN die erforderliche Konsistenz erreicht hat (Konsistenz erreicht ca. 20 Minuten nach dem Auftragen von MAXI FUGEN). Die Endreinigung der Fliesen erfolgt mit einem trockenen Tuch. Die Endreinigung kann auch nach einem erstarrten Tag erfolgen. In diesem Fall wird ein geeignetes St\u00fcck f\u00fcr die Reinigung ausgew\u00e4hlt.<br \/>\n<strong>VERPACKUNG<\/strong><br \/>\nPlastikt\u00fcte 5Kg<br \/>\n<strong>HALTBARKEIT UND LAGERUNG<\/strong><br \/>\n24 Monate in der unge\u00f6ffneten Originalverpackung.<\/p>\n","protected":false},"excerpt":{"rendered":"<p>Fugen auf Zementbasis zum F\u00fcllen mit ausgew\u00e4hlter Granulometrie und hoher Wasserbest\u00e4ndigkeit. Es wird zum F\u00fcllen von Fugen von 3 &#8211; 20 mm verwendet.<\/p>\n","protected":false},"featured_media":24549,"template":"","meta":{"om_disable_all_campaigns":false,"_monsterinsights_skip_tracking":false,"_monsterinsights_sitenote_active":false,"_monsterinsights_sitenote_note":"","_monsterinsights_sitenote_category":0},"class_list":["post-24548","product","type-product","status-publish","has-post-thumbnail","hentry","product_cat-tile-grouts","product_cat-cement-base-tile-grouts"],"aioseo_notices":[],"_links":{"self":[{"href":"https:\/\/deutschcolor.com\/de\/wp-json\/wp\/v2\/product\/24548","targetHints":{"allow":["GET"]}}],"collection":[{"href":"https:\/\/deutschcolor.com\/de\/wp-json\/wp\/v2\/product"}],"about":[{"href":"https:\/\/deutschcolor.com\/de\/wp-json\/wp\/v2\/types\/product"}],"wp:featuredmedia":[{"embeddable":true,"href":"https:\/\/deutschcolor.com\/de\/wp-json\/wp\/v2\/media\/24549"}],"wp:attachment":[{"href":"https:\/\/deutschcolor.com\/de\/wp-json\/wp\/v2\/media?parent=24548"}],"curies":[{"name":"wp","href":"https:\/\/api.w.org\/{rel}","templated":true}]}}